{"id":744,"date":"2022-08-17T12:38:57","date_gmt":"2022-08-17T10:38:57","guid":{"rendered":"https:\/\/www.bulmor.com\/mkf-kompaktstapler\/?page_id=744"},"modified":"2023-07-28T10:51:37","modified_gmt":"2023-07-28T08:51:37","slug":"datenschutz","status":"publish","type":"page","link":"https:\/\/www.bulmor.com\/mkf-kompaktstapler\/datenschutz\/","title":{"rendered":"Datenschutz"},"content":{"rendered":"<p>[et_pb_section fb_built=&#8220;1&#8243; _builder_version=&#8220;4.21.0&#8243; _module_preset=&#8220;default&#8220; use_background_color_gradient=&#8220;on&#8220; background_color_gradient_stops=&#8220;rgba(0,0,0,0.2) 0%|rgba(0,0,0,0.1) 100%&#8220; background_color_gradient_overlays_image=&#8220;on&#8220; background_color_gradient_start=&#8220;rgba(0,0,0,0.2)&#8220; background_color_gradient_end=&#8220;rgba(0,0,0,0.1)&#8220; background_image=&#8220;https:\/\/www.bulmor.com\/mkf-kompaktstapler\/wp-content\/uploads\/2023\/07\/impressum_header_v2.jpg&#8220; hover_enabled=&#8220;0&#8243; global_colors_info=&#8220;{}&#8220; title_text=&#8220;impressum_header_v2&#8243; sticky_enabled=&#8220;0&#8243;][et_pb_row _builder_version=&#8220;4.16&#8243; _module_preset=&#8220;default&#8220; global_colors_info=&#8220;{}&#8220;][et_pb_column type=&#8220;4_4&#8243; _builder_version=&#8220;4.16&#8243; _module_preset=&#8220;default&#8220; global_colors_info=&#8220;{}&#8220;][et_pb_text _builder_version=&#8220;4.16&#8243; _module_preset=&#8220;default&#8220; header_font=&#8220;||on|on|||||&#8220; header_text_align=&#8220;left&#8220; header_font_size=&#8220;60px&#8220; custom_margin=&#8220;300px||50px||false|false&#8220; custom_margin_tablet=&#8220;250px||40px||false|false&#8220; custom_margin_phone=&#8220;200px||30px||false|false&#8220; custom_margin_last_edited=&#8220;on|phone&#8220; animation_style=&#8220;fade&#8220; animation_duration=&#8220;700ms&#8220; animation_delay=&#8220;700ms&#8220; global_colors_info=&#8220;{}&#8220;]<\/p>\n<h1 class=\"csc-firstHeader\">Datenschutz<\/h1>\n<p>[\/et_pb_text][\/et_pb_column][\/et_pb_row][\/et_pb_section][et_pb_section fb_built=&#8220;1&#8243; module_id=&#8220;home-more&#8220; _builder_version=&#8220;4.16&#8243; _module_preset=&#8220;default&#8220; custom_padding=&#8220;100px||100px||false|false&#8220; global_colors_info=&#8220;{}&#8220;][et_pb_row column_structure=&#8220;1_3,2_3&#8243; _builder_version=&#8220;4.16&#8243; _module_preset=&#8220;default&#8220; custom_margin=&#8220;0px||0px||false|false&#8220; animation_style=&#8220;fade&#8220; global_colors_info=&#8220;{}&#8220;][et_pb_column type=&#8220;1_3&#8243; _builder_version=&#8220;4.16&#8243; _module_preset=&#8220;default&#8220; global_colors_info=&#8220;{}&#8220;][et_pb_text _builder_version=&#8220;4.19.2&#8243; _module_preset=&#8220;default&#8220; global_colors_info=&#8220;{%22gcid-6d3ff181-58bb-4c9f-9a16-14391a7a6d8a%22:%91%22header_4_text_color%22%93,%22gcid-8c93adc2-a5e6-491d-ad7d-f737bd5d952f%22:%91%22header_4_text_color%22,%22header_5_text_color%22%93}&#8220;]<\/p>\n<h2>Der Schutz Ihrer pers\u00f6nlichen Daten ist uns wichtig<\/h2>\n<p>[\/et_pb_text][\/et_pb_column][et_pb_column type=&#8220;2_3&#8243; _builder_version=&#8220;4.16&#8243; _module_preset=&#8220;default&#8220; global_colors_info=&#8220;{}&#8220;][et_pb_text _builder_version=&#8220;4.21.0&#8243; _module_preset=&#8220;default&#8220; header_3_text_align=&#8220;center&#8220; text_orientation=&#8220;justified&#8220; custom_padding=&#8220;||50px||false|false&#8220; animation_style=&#8220;fade&#8220; animation_delay=&#8220;300ms&#8220; hover_enabled=&#8220;0&#8243; global_colors_info=&#8220;{}&#8220; sticky_enabled=&#8220;0&#8243;]<\/p>\n<p>Wir freuen uns \u00fcber Ihr Interesse an unserer Website. Der Schutz Ihrer Privatsph\u00e4re ist uns sehr wichtig. Nachstehend informieren wir Sie ausf\u00fchrlich \u00fcber den Umgang mit Ihren Daten in Bezug zu den Themen Newsletter, Website Analyse sowie Einbindung von Diensten Dritter.<\/p>\n<p>&nbsp;<\/p>\n<h4>Verantwortliche Stelle<\/h4>\n<p>Die verantwortliche Stelle f\u00fcr die Datenverarbeitung auf dieser Website ist:<br \/>Bulmor Sonderfahrzeuge GmbH<br \/>vertreten durch die Gesch\u00e4ftsf\u00fchrer<br \/>August-Horch-Str. 43<br \/>56751 Polch<\/p>\n<p><span>Die verantwortliche Stelle entscheidet allein oder gemeinsam mit anderen \u00fcber die Zwecke und Mittel der Verarbeitung von personenbezogenen Daten<\/span><br \/><span>(z.B. Namen, Kontaktdaten o. \u00c4.).<\/span><\/p>\n<p>&nbsp;<\/p>\n<h4>Kontakformular<\/h4>\n<p>Per Kontaktformular \u00fcbermittelte Daten werden einschlie\u00dflich Ihrer Kontaktdaten gespeichert, um Ihre Anfrage bearbeiten zu k\u00f6nnen oder um f\u00fcr Anschlussfragen bereitzustehen. Eine Weitergabe dieser Daten findet ohne Ihre Einwilligung nicht statt.<\/p>\n<p>Die Verarbeitung der in das Kontaktformular eingegebenen Daten erfolgt ausschlie\u00dflich auf Grundlage Ihrer Einwilligung (Art. 6 Abs. 1 lit. a DSGVO). Ein Widerruf Ihrer bereits erteilten Einwilligung ist jederzeit m\u00f6glich. F\u00fcr den Widerruf gen\u00fcgt eine formlose Mitteilung per E-Mail. Die Rechtm\u00e4\u00dfigkeit der bis zum Widerruf erfolgten Datenverarbeitungsvorg\u00e4nge bleibt vom Widerruf unber\u00fchrt.<\/p>\n<p>\u00dcber das Kontaktformular \u00fcbermittelte Daten verbleiben bei uns, bis Sie uns zur L\u00f6schung auffordern, Ihre Einwilligung zur Speicherung widerrufen oder keine Notwendigkeit der Datenspeicherung mehr besteht. Zwingende gesetzliche Bestimmungen &#8211; insbesondere Aufbewahrungsfristen &#8211; bleiben unber\u00fchrt.<\/p>\n<p>&nbsp;<\/p>\n<h4>Vimeo<\/h4>\n<p>Wir haben Videos des Anbieters Vimeo LLC mit Hauptsitz in 555 West 18th Street, New York, New York 10011 eingebunden.<br \/>Auf einigen unserer Internetseiten sind Videos von Vimeo enthalten. Wenn Sie eine solche Internetseite unserer Internetpr\u00e4senz aufrufen,<br \/>wird eine Verbindung zu den Vimeo-Servern hergestellt. Hierdurch wird an den Vimeo-Server \u00fcbermittelt, welche unserer Internetseiten Sie besucht haben. Sind Sie dabei als Mitglied bei Vimeo eingeloggt, ordnet Vimeo diese Information Ihrem pers\u00f6nlichen Benutzerkonto zu. Bei Anklicken des Start-Buttons eines Videos kann diese Information ebenfalls einem bestehenden Benutzerkonto zugeordnet werden.<br \/>Sie k\u00f6nnen diese Zuordnung verhindern, indem Sie sich vor der Nutzung unserer Internetseite aus ihrem Vimeo-Benutzerkonto abmelden und die entsprechenden Cookies von Vimeo l\u00f6schen.\u00a0<\/p>\n<p>&nbsp;<\/p>\n<h4>Google reCAPTCHA<\/h4>\n<p>Wir nutzen \u201eGoogle reCAPTCHA\u201c (im Folgenden \u201ereCAPTCHA\u201c) auf dieser Website. Anbieter ist die Google Ireland Limited (\u201eGoogle\u201c), Gordon House, Barrow Street, Dublin 4, Irland.<\/p>\n<p>Mit reCAPTCHA soll \u00fcberpr\u00fcft werden, ob die Dateneingabe auf dieser Website (z.\u00a0B. in einem Kontaktformular) durch einen Menschen oder durch ein automatisiertes Programm erfolgt. Hierzu analysiert reCAPTCHA das Verhalten des Websitebesuchers anhand verschiedener Merkmale. Diese Analyse beginnt automatisch, sobald der Websitebesucher die Website betritt. Zur Analyse wertet reCAPTCHA verschiedene Informationen aus (z.\u00a0B. IP-Adresse, Verweildauer des Websitebesuchers auf der Website oder vom Nutzer get\u00e4tigte Mausbewegungen). Die bei der Analyse erfassten Daten werden an Google weitergeleitet.<\/p>\n<p>Die reCAPTCHA-Analysen laufen vollst\u00e4ndig im Hintergrund. Websitebesucher werden nicht darauf hingewiesen, dass eine Analyse stattfindet.<\/p>\n<p>Die Speicherung und Analyse der Daten erfolgt auf Grundlage von Art. 6 Abs. 1 lit. f DSGVO. Der Websitebetreiber hat ein berechtigtes Interesse daran, seine Webangebote vor missbr\u00e4uchlicher automatisierter Aussp\u00e4hung und vor SPAM zu sch\u00fctzen. Sofern eine entsprechende Einwilligung abgefragt wurde, erfolgt die Verarbeitung ausschlie\u00dflich auf Grundlage von Art. 6 Abs. 1 lit. a DSGVO und \u00a7 25 Abs. 1 TTDSG, soweit die Einwilligung die Speicherung von Cookies oder den Zugriff auf Informationen im Endger\u00e4t des Nutzers (z.\u00a0B. Device-Fingerprinting) im Sinne des TTDSG umfasst. Die Einwilligung ist jederzeit widerrufbar.<\/p>\n<p>Weitere Informationen zu Google reCAPTCHA entnehmen Sie den Google-Datenschutzbestimmungen und den Google Nutzungsbedingungen unter folgenden Links: <a href=\"https:\/\/policies.google.com\/privacy?hl=de\" target=\"_blank\" rel=\"noopener noreferrer\">https:\/\/policies.google.com\/privacy?hl=de<\/a> und <a href=\"https:\/\/policies.google.com\/terms?hl=de\" target=\"_blank\" rel=\"noopener noreferrer\">https:\/\/policies.google.com\/terms?hl=de<\/a>.<\/p>\n<p>&nbsp;<\/p>\n<h4>Cookies<\/h4>\n<p>Cookies sind kleine Dateien, die es erm\u00f6glichen, auf dem Zugriffsger\u00e4t der Nutzer (PC, Smartphone o.\u00e4.) spezifische, auf das Ger\u00e4t bezogene Informationen zu speichern. Sie dienen zum einem der Benutzerfreundlichkeit von Webseiten und damit den Nutzern (z.B. Speicherung von Logindaten). Zum anderen dienen sie, um die statistischen Daten der Webseitennutzung zu erfassen und sie zwecks Verbesserung des Angebotes analysieren zu k\u00f6nnen. Die Nutzer k\u00f6nnen auf den Einsatz der Cookies Einfluss nehmen. Die meisten Browser verf\u00fcgen \u00fcber eine Option mit der das Speichern von Cookies eingeschr\u00e4nkt oder komplett verhindert wird. Allerdings wird darauf hingewiesen, dass die Nutzung und insbesondere der Nutzungskomfort ohne Cookies eingeschr\u00e4nkt werden.<\/p>\n<p>Sie k\u00f6nnen viele Online-Anzeigen-Cookies von Unternehmen \u00fcber die US-amerikanische Seite\u00a0<a href=\"http:\/\/www.aboutads.info\/choices\/\" title=\"Opens external link in new window\" target=\"_blank\" rel=\"noopener\">http:\/\/www.aboutads.info\/choices\/<\/a>\u00a0oder die EU-Seite\u00a0<a href=\"http:\/\/www.youronlinechoices.com\/uk\/your-ad-choices\" title=\"Opens external link in new window\" target=\"_blank\" rel=\"noopener\">http:\/\/www.youronlinechoices.com\/uk\/your-ad-choices\/<\/a>\u00a0verwalten.<\/p>\n<p>&nbsp;<\/p>\n<h4>SSL-Verschl\u00fcsselung<\/h4>\n<p>Unsere Webseite bedient sich einer SSL-Verschl\u00fcsselung, wenn es um die \u00dcbermittlung vertraulicher oder pers\u00f6nlicher Inhalte unserer Nutzer geht. Diese Verschl\u00fcsslung wird zum Beispiel bei der Abwicklung des Zahlungsverkehrs sowie bei Anfragen\u00a0 aktiviert, die Sie an uns \u00fcber unsere Webseite stellen. Achten Sie bitte darauf, dass die SSL-Verschl\u00fcsselung bei entsprechenden Aktivit\u00e4ten von Ihrer Seite her aktiviert ist. Der Einsatz der Verschl\u00fcsselung ist leicht zu erkennen: Die Anzeige in Ihrer Browserzeile wechselt von \u201ehttp:\/\/\u201c zu \u201ehttps:\/\/\u201c. \u00dcber SSL verschl\u00fcsselte Daten sind nicht von Dritten lesbar. \u00dcbermitteln Sie Ihre vertraulichen Informationen nur bei aktivierter SSL-Verschl\u00fcsselung und wenden Sie sich im Zweifel an uns.<\/p>\n<p>&nbsp;<\/p>\n<h4>Links<\/h4>\n<p>Diese Datenschutzerkl\u00e4rung erstreckt sich nur auf Inhalte unseres Internet-Angebots, nicht jedoch auf Webseiten, welche \u00fcber externe Links aufgerufen werden k\u00f6nnen. Wenn wir Links anbieten, bem\u00fchen wir uns sicherzustellen, dass auch diese unsere Datenschutz- und Sicherheitsstandards einhalten. Wir haben jedoch keinen Einfluss auf die Einhaltung der Datenschutz- und Sicherheitsbestimmungen durch andere Anbieter. Informieren Sie sich deshalb bitte auf den Internetseiten der anderen Anbieter auch \u00fcber die dort bereitgestellten Datenschutzerkl\u00e4rungen.<\/p>\n<p>&nbsp;<\/p>\n<h4>Aus folgenden Gr\u00fcnden verwendet BULMOR die auf der Website gesammelten Daten:<\/h4>\n<ul>\n<li>damit wir Ihren die gew\u00fcnschten Informationen und Dienstleistungen mit bester Qualit\u00e4t anbieten k\u00f6nnen<\/li>\n<li>damit wir Ihnen ein personalisiertes Erlebnis auf unserer Website bieten k\u00f6nnen<\/li>\n<li>damit wir Ihnen Informationen und Ank\u00fcndigungen bez\u00fcglich unserer Website \u00fcbermitteln k\u00f6nnen<\/li>\n<li>damit wir Ihre Anforderungen und Interessen besser verstehen und dadurch unserer Website und unsere Angebote optimieren k\u00f6nnen<\/li>\n<\/ul>\n<p>&nbsp;<\/p>\n<h4>Einbindung von Diensten und Inhalten Dritter<\/h4>\n<p>Es ist nicht ausgeschlossen, dass innerhalb unseres Onlineangebotes auch Inhalte Dritter, wie zum Beispiel Videos von YouTube, Kartenmaterial von Google-Maps, RSS-Feeds oder Grafiken von anderen Webseiten eingebunden werden. Dies setzt immer voraus, dass die Anbieter dieser Inhalte (nachfolgend bezeichnet als &#8222;Dritt-Anbieter&#8220;) die IP-Adresse der Nutzer wahrnehmen. Denn ohne die IP-Adresse, k\u00f6nnten sie die Inhalte nicht an den Browser des jeweiligen Nutzers senden. Die IP-Adresse ist damit f\u00fcr die Darstellung dieser Inhalte erforderlich. Wir verwenden in diesem Zusammenhang nur solche Inhalte, deren jeweiliger Anbieter die IP-Adresse lediglich zur Auslieferung der Inhalte verwenden.<\/p>\n<p>Jedoch haben wir keinen Einfluss darauf, falls die Dritt-Anbieter die IP-Adresse z.B. f\u00fcr statistische Zwecke speichern. Soweit uns ein solches Vorgehen bekannt ist, werden wir die Nutzer entsprechend dar\u00fcber in Kenntnis setzen, sowie die Einbindung der entsprechenden Inhalte neu beurteilen.<\/p>\n<p>Detailinformationen zu allen Google Services finden Sie in der\u00a0<a href=\"https:\/\/policies.google.com\/privacy?hl=de&amp;gl=de\" title=\"Opens internal link in current window\" target=\"_blank\" rel=\"noopener\">Datenschutzerkl\u00e4rung von Google<\/a>.<\/p>\n<p>&nbsp;<\/p>\n<h4>Ihre Rechte<\/h4>\n<p>Ihnen stehen grunds\u00e4tzlich die Rechte auf unentgeltliche Auskunft, Berichtigung, L\u00f6schung, Einschr\u00e4nkung, Daten\u00fcbertragbarkeit, Widerruf und Widerspruch zu. Wenn Sie glauben, dass die Verarbeitung Ihrer Daten gegen das Datenschutzrecht verst\u00f6\u00dft oder Ihre datenschutzrechtlichen Anspr\u00fcche sonst in einer Weise verletzt worden sind, k\u00f6nnen Sie sich bei der Aufsichtsbeh\u00f6rde beschweren. In \u00d6sterreich ist dies die Datenschutzbeh\u00f6rde.<\/p>\n<p>Sie sind eine betroffene Person und m\u00f6chten Ihre Rechte \u2013 wie insbesondere Ihr Recht auf Auskunft, L\u00f6schung oder Widerruf \u2013 geltend machen, dann kontaktieren Sie uns bitte.<\/p>\n<p>&nbsp;<\/p>\n<h4>Datenschutzeinstellungen anpassen<\/h4>\n<p>Sie m\u00f6chten Ihre Datenschutzeinstellungen \u00e4ndern, dann klicken Sie auf diesen Link: <strong> <a class=\"wt-cli-manage-consent-link\">Cookie-Einstellungen<\/a> <\/strong><\/p>\n<p>[\/et_pb_text][\/et_pb_column][\/et_pb_row][\/et_pb_section]<\/p>\n","protected":false},"excerpt":{"rendered":"<p>DatenschutzDer Schutz Ihrer pers\u00f6nlichen Daten ist uns wichtigWir freuen uns \u00fcber Ihr Interesse an unserer Website. Der Schutz Ihrer Privatsph\u00e4re ist uns sehr wichtig. Nachstehend informieren wir Sie ausf\u00fchrlich \u00fcber den Umgang mit Ihren Daten in Bezug zu den Themen Newsletter, Website Analyse sowie Einbindung von Diensten Dritter. &nbsp; Verantwortliche Stelle Die verantwortliche Stelle f\u00fcr [&hellip;]<\/p>\n","protected":false},"author":5,"featured_media":0,"parent":0,"menu_order":0,"comment_status":"closed","ping_status":"closed","template":"","meta":{"_et_pb_use_builder":"on","_et_pb_old_content":"","_et_gb_content_width":"","inline_featured_image":false,"footnotes":""},"class_list":["post-744","page","type-page","status-publish","hentry"],"yoast_head":"<!-- This site is optimized with the Yoast SEO plugin v24.2 - https:\/\/yoast.com\/wordpress\/plugins\/seo\/ -->\n<title>Datenschutz - MKF Kompaktstapler<\/title>\n<meta name=\"robots\" content=\"index, follow, max-snippet:-1, max-image-preview:large, max-video-preview:-1\" \/>\n<link rel=\"canonical\" href=\"https:\/\/www.bulmor.com\/mkf-kompaktstapler\/datenschutz\/\" \/>\n<meta property=\"og:locale\" content=\"de_DE\" \/>\n<meta property=\"og:type\" content=\"article\" \/>\n<meta property=\"og:title\" content=\"Datenschutz - MKF Kompaktstapler\" \/>\n<meta property=\"og:description\" content=\"DatenschutzDer Schutz Ihrer pers\u00f6nlichen Daten ist uns wichtigWir freuen uns \u00fcber Ihr Interesse an unserer Website. Der Schutz Ihrer Privatsph\u00e4re ist uns sehr wichtig. Nachstehend informieren wir Sie ausf\u00fchrlich \u00fcber den Umgang mit Ihren Daten in Bezug zu den Themen Newsletter, Website Analyse sowie Einbindung von Diensten Dritter. &nbsp; Verantwortliche Stelle Die verantwortliche Stelle f\u00fcr [&hellip;]\" \/>\n<meta property=\"og:url\" content=\"https:\/\/www.bulmor.com\/mkf-kompaktstapler\/datenschutz\/\" \/>\n<meta property=\"og:site_name\" content=\"MKF Kompaktstapler\" \/>\n<meta property=\"article:publisher\" content=\"https:\/\/www.facebook.com\/bulmorseitenstapler\/\" \/>\n<meta property=\"article:modified_time\" content=\"2023-07-28T08:51:37+00:00\" \/>\n<meta name=\"twitter:card\" content=\"summary_large_image\" \/>\n<meta name=\"twitter:label1\" content=\"Gesch\u00e4tzte Lesezeit\" \/>\n\t<meta name=\"twitter:data1\" content=\"8\u00a0Minuten\" \/>\n<script type=\"application\/ld+json\" class=\"yoast-schema-graph\">{\"@context\":\"https:\/\/schema.org\",\"@graph\":[{\"@type\":\"WebPage\",\"@id\":\"https:\/\/www.bulmor.com\/mkf-kompaktstapler\/datenschutz\/\",\"url\":\"https:\/\/www.bulmor.com\/mkf-kompaktstapler\/datenschutz\/\",\"name\":\"Datenschutz - MKF Kompaktstapler\",\"isPartOf\":{\"@id\":\"https:\/\/www.bulmor.com\/mkf-kompaktstapler\/#website\"},\"datePublished\":\"2022-08-17T10:38:57+00:00\",\"dateModified\":\"2023-07-28T08:51:37+00:00\",\"breadcrumb\":{\"@id\":\"https:\/\/www.bulmor.com\/mkf-kompaktstapler\/datenschutz\/#breadcrumb\"},\"inLanguage\":\"de\",\"potentialAction\":[{\"@type\":\"ReadAction\",\"target\":[\"https:\/\/www.bulmor.com\/mkf-kompaktstapler\/datenschutz\/\"]}]},{\"@type\":\"BreadcrumbList\",\"@id\":\"https:\/\/www.bulmor.com\/mkf-kompaktstapler\/datenschutz\/#breadcrumb\",\"itemListElement\":[{\"@type\":\"ListItem\",\"position\":1,\"name\":\"Startseite\",\"item\":\"https:\/\/www.bulmor.com\/mkf-kompaktstapler\/\"},{\"@type\":\"ListItem\",\"position\":2,\"name\":\"Datenschutz\"}]},{\"@type\":\"WebSite\",\"@id\":\"https:\/\/www.bulmor.com\/mkf-kompaktstapler\/#website\",\"url\":\"https:\/\/www.bulmor.com\/mkf-kompaktstapler\/\",\"name\":\"MKF Kompaktstapler\",\"description\":\"\",\"publisher\":{\"@id\":\"https:\/\/www.bulmor.com\/mkf-kompaktstapler\/#organization\"},\"potentialAction\":[{\"@type\":\"SearchAction\",\"target\":{\"@type\":\"EntryPoint\",\"urlTemplate\":\"https:\/\/www.bulmor.com\/mkf-kompaktstapler\/?s={search_term_string}\"},\"query-input\":{\"@type\":\"PropertyValueSpecification\",\"valueRequired\":true,\"valueName\":\"search_term_string\"}}],\"inLanguage\":\"de\"},{\"@type\":\"Organization\",\"@id\":\"https:\/\/www.bulmor.com\/mkf-kompaktstapler\/#organization\",\"name\":\"MKF Kompaktstapler\",\"url\":\"https:\/\/www.bulmor.com\/mkf-kompaktstapler\/\",\"logo\":{\"@type\":\"ImageObject\",\"inLanguage\":\"de\",\"@id\":\"https:\/\/www.bulmor.com\/mkf-kompaktstapler\/#\/schema\/logo\/image\/\",\"url\":\"https:\/\/www.bulmor.com\/mkf-kompaktstapler\/wp-content\/uploads\/2023\/06\/logo_mkf_black.png\",\"contentUrl\":\"https:\/\/www.bulmor.com\/mkf-kompaktstapler\/wp-content\/uploads\/2023\/06\/logo_mkf_black.png\",\"width\":699,\"height\":491,\"caption\":\"MKF Kompaktstapler\"},\"image\":{\"@id\":\"https:\/\/www.bulmor.com\/mkf-kompaktstapler\/#\/schema\/logo\/image\/\"},\"sameAs\":[\"https:\/\/www.facebook.com\/bulmorseitenstapler\/\",\"https:\/\/www.linkedin.com\/company\/bulmor-industries-gmbh\/mycompany\/\",\"https:\/\/www.youtube.com\/channel\/UCefJ8LLmx7rUk3zc4NnGYAQ\"]}]}<\/script>\n<!-- \/ Yoast SEO plugin. -->","yoast_head_json":{"title":"Datenschutz - MKF Kompaktstapler","robots":{"index":"index","follow":"follow","max-snippet":"max-snippet:-1","max-image-preview":"max-image-preview:large","max-video-preview":"max-video-preview:-1"},"canonical":"https:\/\/www.bulmor.com\/mkf-kompaktstapler\/datenschutz\/","og_locale":"de_DE","og_type":"article","og_title":"Datenschutz - MKF Kompaktstapler","og_description":"DatenschutzDer Schutz Ihrer pers\u00f6nlichen Daten ist uns wichtigWir freuen uns \u00fcber Ihr Interesse an unserer Website. Der Schutz Ihrer Privatsph\u00e4re ist uns sehr wichtig. Nachstehend informieren wir Sie ausf\u00fchrlich \u00fcber den Umgang mit Ihren Daten in Bezug zu den Themen Newsletter, Website Analyse sowie Einbindung von Diensten Dritter. &nbsp; Verantwortliche Stelle Die verantwortliche Stelle f\u00fcr [&hellip;]","og_url":"https:\/\/www.bulmor.com\/mkf-kompaktstapler\/datenschutz\/","og_site_name":"MKF Kompaktstapler","article_publisher":"https:\/\/www.facebook.com\/bulmorseitenstapler\/","article_modified_time":"2023-07-28T08:51:37+00:00","twitter_card":"summary_large_image","twitter_misc":{"Gesch\u00e4tzte Lesezeit":"8\u00a0Minuten"},"schema":{"@context":"https:\/\/schema.org","@graph":[{"@type":"WebPage","@id":"https:\/\/www.bulmor.com\/mkf-kompaktstapler\/datenschutz\/","url":"https:\/\/www.bulmor.com\/mkf-kompaktstapler\/datenschutz\/","name":"Datenschutz - MKF Kompaktstapler","isPartOf":{"@id":"https:\/\/www.bulmor.com\/mkf-kompaktstapler\/#website"},"datePublished":"2022-08-17T10:38:57+00:00","dateModified":"2023-07-28T08:51:37+00:00","breadcrumb":{"@id":"https:\/\/www.bulmor.com\/mkf-kompaktstapler\/datenschutz\/#breadcrumb"},"inLanguage":"de","potentialAction":[{"@type":"ReadAction","target":["https:\/\/www.bulmor.com\/mkf-kompaktstapler\/datenschutz\/"]}]},{"@type":"BreadcrumbList","@id":"https:\/\/www.bulmor.com\/mkf-kompaktstapler\/datenschutz\/#breadcrumb","itemListElement":[{"@type":"ListItem","position":1,"name":"Startseite","item":"https:\/\/www.bulmor.com\/mkf-kompaktstapler\/"},{"@type":"ListItem","position":2,"name":"Datenschutz"}]},{"@type":"WebSite","@id":"https:\/\/www.bulmor.com\/mkf-kompaktstapler\/#website","url":"https:\/\/www.bulmor.com\/mkf-kompaktstapler\/","name":"MKF Kompaktstapler","description":"","publisher":{"@id":"https:\/\/www.bulmor.com\/mkf-kompaktstapler\/#organization"},"potentialAction":[{"@type":"SearchAction","target":{"@type":"EntryPoint","urlTemplate":"https:\/\/www.bulmor.com\/mkf-kompaktstapler\/?s={search_term_string}"},"query-input":{"@type":"PropertyValueSpecification","valueRequired":true,"valueName":"search_term_string"}}],"inLanguage":"de"},{"@type":"Organization","@id":"https:\/\/www.bulmor.com\/mkf-kompaktstapler\/#organization","name":"MKF Kompaktstapler","url":"https:\/\/www.bulmor.com\/mkf-kompaktstapler\/","logo":{"@type":"ImageObject","inLanguage":"de","@id":"https:\/\/www.bulmor.com\/mkf-kompaktstapler\/#\/schema\/logo\/image\/","url":"https:\/\/www.bulmor.com\/mkf-kompaktstapler\/wp-content\/uploads\/2023\/06\/logo_mkf_black.png","contentUrl":"https:\/\/www.bulmor.com\/mkf-kompaktstapler\/wp-content\/uploads\/2023\/06\/logo_mkf_black.png","width":699,"height":491,"caption":"MKF Kompaktstapler"},"image":{"@id":"https:\/\/www.bulmor.com\/mkf-kompaktstapler\/#\/schema\/logo\/image\/"},"sameAs":["https:\/\/www.facebook.com\/bulmorseitenstapler\/","https:\/\/www.linkedin.com\/company\/bulmor-industries-gmbh\/mycompany\/","https:\/\/www.youtube.com\/channel\/UCefJ8LLmx7rUk3zc4NnGYAQ"]}]}},"_links":{"self":[{"href":"https:\/\/www.bulmor.com\/mkf-kompaktstapler\/wp-json\/wp\/v2\/pages\/744","targetHints":{"allow":["GET"]}}],"collection":[{"href":"https:\/\/www.bulmor.com\/mkf-kompaktstapler\/wp-json\/wp\/v2\/pages"}],"about":[{"href":"https:\/\/www.bulmor.com\/mkf-kompaktstapler\/wp-json\/wp\/v2\/types\/page"}],"author":[{"embeddable":true,"href":"https:\/\/www.bulmor.com\/mkf-kompaktstapler\/wp-json\/wp\/v2\/users\/5"}],"replies":[{"embeddable":true,"href":"https:\/\/www.bulmor.com\/mkf-kompaktstapler\/wp-json\/wp\/v2\/comments?post=744"}],"version-history":[{"count":11,"href":"https:\/\/www.bulmor.com\/mkf-kompaktstapler\/wp-json\/wp\/v2\/pages\/744\/revisions"}],"predecessor-version":[{"id":4989,"href":"https:\/\/www.bulmor.com\/mkf-kompaktstapler\/wp-json\/wp\/v2\/pages\/744\/revisions\/4989"}],"wp:attachment":[{"href":"https:\/\/www.bulmor.com\/mkf-kompaktstapler\/wp-json\/wp\/v2\/media?parent=744"}],"curies":[{"name":"wp","href":"https:\/\/api.w.org\/{rel}","templated":true}]}}