{"id":4707,"date":"2023-07-28T08:49:35","date_gmt":"2023-07-28T06:49:35","guid":{"rendered":"https:\/\/www.bulmor.com\/mkf-kompaktstapler\/?page_id=4707"},"modified":"2023-09-07T11:21:34","modified_gmt":"2023-09-07T09:21:34","slug":"kompaktstapler-bis-80-tonnen","status":"publish","type":"page","link":"https:\/\/www.bulmor.com\/mkf-kompaktstapler\/kompaktstapler-bis-80-tonnen\/","title":{"rendered":"Kompaktstapler bis 80 Tonnen"},"content":{"rendered":"<p>[et_pb_section fb_built=&#8220;1&#8243; _builder_version=&#8220;4.21.0&#8243; _module_preset=&#8220;default&#8220; use_background_color_gradient=&#8220;on&#8220; background_color_gradient_stops=&#8220;rgba(0,0,0,0.3) 0%|rgba(0,0,0,0.3) 100%&#8220; background_color_gradient_overlays_image=&#8220;on&#8220; background_color_gradient_start=&#8220;rgba(0,0,0,0.3)&#8220; background_color_gradient_end=&#8220;rgba(0,0,0,0.3)&#8220; background_image=&#8220;https:\/\/www.bulmor.com\/mkf-kompaktstapler\/wp-content\/uploads\/2023\/07\/kompaktstapler_80_header.jpg&#8220; global_colors_info=&#8220;{}&#8220;][et_pb_row _builder_version=&#8220;4.16&#8243; _module_preset=&#8220;default&#8220; global_colors_info=&#8220;{}&#8220;][et_pb_column type=&#8220;4_4&#8243; _builder_version=&#8220;4.16&#8243; _module_preset=&#8220;default&#8220; global_colors_info=&#8220;{}&#8220;][et_pb_text _builder_version=&#8220;4.16&#8243; _module_preset=&#8220;default&#8220; header_font=&#8220;|800||on|||||&#8220; header_text_align=&#8220;left&#8220; custom_margin=&#8220;300px||50px||false|false&#8220; custom_margin_tablet=&#8220;250px||40px||false|false&#8220; custom_margin_phone=&#8220;200px||30px||false|false&#8220; custom_margin_last_edited=&#8220;on|phone&#8220; animation_style=&#8220;fade&#8220; animation_duration=&#8220;700ms&#8220; animation_delay=&#8220;700ms&#8220; global_colors_info=&#8220;{}&#8220;]<\/p>\n<h1 class=\"csc-firstHeader\">\u00a0Kompaktstapler<\/h1>\n<p>[\/et_pb_text][\/et_pb_column][\/et_pb_row][\/et_pb_section][et_pb_section fb_built=&#8220;1&#8243; module_id=&#8220;home-more&#8220; _builder_version=&#8220;4.21.0&#8243; _module_preset=&#8220;default&#8220; custom_padding=&#8220;100px||100px||false|false&#8220; global_colors_info=&#8220;{}&#8220;][et_pb_row column_structure=&#8220;1_2,1_2&#8243; module_class=&#8220;wak-centered&#8220; _builder_version=&#8220;4.21.0&#8243; _module_preset=&#8220;default&#8220; custom_margin=&#8220;0px||0px||false|false&#8220; animation_style=&#8220;fade&#8220; global_colors_info=&#8220;{}&#8220;][et_pb_column type=&#8220;1_2&#8243; _builder_version=&#8220;4.16&#8243; _module_preset=&#8220;default&#8220; global_colors_info=&#8220;{}&#8220;][et_pb_image src=&#8220;https:\/\/www.bulmor.com\/mkf-kompaktstapler\/wp-content\/uploads\/2023\/07\/industrieumzuege.jpg&#8220; title_text=&#8220;industrieumzuege&#8220; _builder_version=&#8220;4.21.0&#8243; _module_preset=&#8220;default&#8220; global_colors_info=&#8220;{}&#8220;][\/et_pb_image][\/et_pb_column][et_pb_column type=&#8220;1_2&#8243; _builder_version=&#8220;4.16&#8243; _module_preset=&#8220;default&#8220; global_colors_info=&#8220;{}&#8220;][et_pb_text _builder_version=&#8220;4.21.0&#8243; _module_preset=&#8220;default&#8220; header_2_font=&#8220;|700|||||||&#8220; global_colors_info=&#8220;{}&#8220;]<\/p>\n<h2>F\u00fcr Maschinen- und Industrieumz\u00fcge<\/h2>\n<p>[\/et_pb_text][et_pb_text _builder_version=&#8220;4.21.0&#8243; _module_preset=&#8220;default&#8220; header_3_text_align=&#8220;center&#8220; animation_style=&#8220;fade&#8220; animation_delay=&#8220;300ms&#8220; global_colors_info=&#8220;{}&#8220;]<\/p>\n<p>Mit dem anh\u00e4ngbarem Kranarm k\u00f6nnen Sie per Schnellkupplungssystem innerhalb k\u00fcrzester Zeit Ihren MKF Kompaktstapler zu einem Fahrzeug mit teleskopierbarem Kran umr\u00fcsten.<\/p>\n<p>Tragf\u00e4higkeiten von bis zu 5 Tonnen bei einer Hakenh\u00f6he von ca. 10 Meter sind m\u00f6glich.<\/p>\n<p>[\/et_pb_text][\/et_pb_column][\/et_pb_row][\/et_pb_section][et_pb_section fb_built=&#8220;1&#8243; _builder_version=&#8220;4.21.0&#8243; _module_preset=&#8220;default&#8220; global_colors_info=&#8220;{}&#8220;][et_pb_row column_structure=&#8220;2_5,3_5&#8243; use_custom_gutter=&#8220;on&#8220; gutter_width=&#8220;1&#8243; make_equal=&#8220;on&#8220; module_class=&#8220;wak-centered wak-video-wrap&#8220; _builder_version=&#8220;4.21.0&#8243; _module_preset=&#8220;default&#8220; width=&#8220;100%&#8220; max_width=&#8220;100%&#8220; custom_margin=&#8220;||||false|false&#8220; global_colors_info=&#8220;{}&#8220;][et_pb_column type=&#8220;2_5&#8243; _builder_version=&#8220;4.16&#8243; _module_preset=&#8220;default&#8220; custom_padding=&#8220;75px|5%|75px|7%|false|false&#8220; custom_padding_tablet=&#8220;50px|5%|25px|5%|false|true&#8220; custom_padding_phone=&#8220;|5%|35px||false|false&#8220; custom_padding_last_edited=&#8220;on|phone&#8220; animation_style=&#8220;fade&#8220; animation_delay=&#8220;500ms&#8220; global_colors_info=&#8220;{}&#8220;][et_pb_text _builder_version=&#8220;4.21.0&#8243; _module_preset=&#8220;default&#8220; global_colors_info=&#8220;{}&#8220;]<\/p>\n<h2>F\u00fcr die Industrie<br \/>\n<\/h2>\n<p>Schmale Fahrwege, Platzmangel oder eine beengte Lagerhaltung?<br \/>\nKompakteste Bauweisen wie z. B. zum Be- und Entladen von Containern.<\/p>\n<p>[\/et_pb_text][et_pb_button button_url=&#8220;@ET-DC@eyJkeW5hbWljIjp0cnVlLCJjb250ZW50IjoicG9zdF9saW5rX3VybF9wYWdlIiwic2V0dGluZ3MiOnsicG9zdF9pZCI6Ijc4MiJ9fQ==@&#8220; button_text=&#8220;mehr erfahren&#8220; disabled_on=&#8220;on|on|on&#8220; _builder_version=&#8220;4.21.0&#8243; _dynamic_attributes=&#8220;button_url&#8220; _module_preset=&#8220;default&#8220; disabled=&#8220;on&#8220; global_colors_info=&#8220;{}&#8220;][\/et_pb_button][\/et_pb_column][et_pb_column type=&#8220;3_5&#8243; module_class=&#8220;wak-video-schraeg&#8220; _builder_version=&#8220;4.21.0&#8243; _module_preset=&#8220;default&#8220; background_image=&#8220;https:\/\/www.bulmor.com\/mkf-kompaktstapler\/wp-content\/uploads\/2023\/07\/csm_3061_a5dc3217ee.jpg&#8220; background_enable_video_mp4=&#8220;off&#8220; global_colors_info=&#8220;{}&#8220;][et_pb_divider show_divider=&#8220;off&#8220; _builder_version=&#8220;4.21.0&#8243; _module_preset=&#8220;default&#8220; min_height=&#8220;600px&#8220; min_height_tablet=&#8220;400px&#8220; min_height_phone=&#8220;300px&#8220; min_height_last_edited=&#8220;on|phone&#8220; global_colors_info=&#8220;{}&#8220;][\/et_pb_divider][\/et_pb_column][\/et_pb_row][\/et_pb_section][et_pb_section fb_built=&#8220;1&#8243; module_id=&#8220;home-more&#8220; _builder_version=&#8220;4.21.0&#8243; _module_preset=&#8220;default&#8220; custom_padding=&#8220;100px||100px||false|false&#8220; global_colors_info=&#8220;{}&#8220;][et_pb_row column_structure=&#8220;1_2,1_2&#8243; module_class=&#8220;wak-centered&#8220; _builder_version=&#8220;4.21.0&#8243; _module_preset=&#8220;default&#8220; custom_margin=&#8220;0px||0px||false|false&#8220; animation_style=&#8220;fade&#8220; global_colors_info=&#8220;{}&#8220;][et_pb_column type=&#8220;1_2&#8243; _builder_version=&#8220;4.16&#8243; _module_preset=&#8220;default&#8220; global_colors_info=&#8220;{}&#8220;][et_pb_image src=&#8220;https:\/\/www.bulmor.com\/mkf-kompaktstapler\/wp-content\/uploads\/2023\/07\/csm_3140__2__1a2d0fd3e6.jpg&#8220; title_text=&#8220;csm_3140__2__1a2d0fd3e6&#8243; _builder_version=&#8220;4.21.0&#8243; _module_preset=&#8220;default&#8220; global_colors_info=&#8220;{}&#8220;][\/et_pb_image][\/et_pb_column][et_pb_column type=&#8220;1_2&#8243; _builder_version=&#8220;4.16&#8243; _module_preset=&#8220;default&#8220; global_colors_info=&#8220;{}&#8220;][et_pb_text _builder_version=&#8220;4.21.0&#8243; _module_preset=&#8220;default&#8220; header_2_font=&#8220;|700|||||||&#8220; global_colors_info=&#8220;{}&#8220;]<\/p>\n<h2>F\u00fcr den Gie\u00dfereibetrieb<br \/>\n<\/h2>\n<p>[\/et_pb_text][et_pb_text _builder_version=&#8220;4.21.0&#8243; _module_preset=&#8220;default&#8220; header_3_text_align=&#8220;center&#8220; animation_style=&#8220;fade&#8220; animation_delay=&#8220;300ms&#8220; global_colors_info=&#8220;{}&#8220;]Unsere hitzegesch\u00fctzte Ausf\u00fchrung mit klimatisierter Komfortkabine, feuerfester Verschlauchung und hitzeressistentes Anbauger\u00e4t. Kabine mit hitzebest\u00e4ndiger Keramikverglasung sowie hitzebest\u00e4ndiges Glas auf Fahr- und Arbeitsscheinwerfen sowie Blue Spot.<br \/>\nSchutzverkleidung der Antriebsr\u00e4der.[\/et_pb_text][\/et_pb_column][\/et_pb_row][\/et_pb_section][et_pb_section fb_built=&#8220;1&#8243; module_id=&#8220;home-more&#8220; _builder_version=&#8220;4.21.0&#8243; _module_preset=&#8220;default&#8220; custom_padding=&#8220;0px||100px||false|false&#8220; global_colors_info=&#8220;{}&#8220;][et_pb_row column_structure=&#8220;1_2,1_2&#8243; module_class=&#8220;wak-centered&#8220; _builder_version=&#8220;4.21.0&#8243; _module_preset=&#8220;default&#8220; custom_margin=&#8220;0px||0px||false|false&#8220; animation_style=&#8220;fade&#8220; global_colors_info=&#8220;{}&#8220;][et_pb_column type=&#8220;1_2&#8243; _builder_version=&#8220;4.16&#8243; _module_preset=&#8220;default&#8220; global_colors_info=&#8220;{}&#8220;][et_pb_text _builder_version=&#8220;4.21.0&#8243; _module_preset=&#8220;default&#8220; header_2_font=&#8220;|700|||||||&#8220; global_colors_info=&#8220;{}&#8220;]<\/p>\n<h2>F\u00fcr die Druck- und Papierbranche<\/h2>\n<p>[\/et_pb_text][et_pb_text _builder_version=&#8220;4.21.0&#8243; _module_preset=&#8220;default&#8220; header_3_text_align=&#8220;center&#8220; animation_style=&#8220;fade&#8220; animation_delay=&#8220;300ms&#8220; global_colors_info=&#8220;{}&#8220;]Unser Kompaktstapler mit drehbarer Papierrollenklammer. Hubh\u00f6he bis 10 Meter.[\/et_pb_text][\/et_pb_column][et_pb_column type=&#8220;1_2&#8243; _builder_version=&#8220;4.16&#8243; _module_preset=&#8220;default&#8220; global_colors_info=&#8220;{}&#8220;][et_pb_image src=&#8220;https:\/\/www.bulmor.com\/mkf-kompaktstapler\/wp-content\/uploads\/2023\/07\/csm_3019_33ae3c2c5f.jpg&#8220; title_text=&#8220;csm_3019_33ae3c2c5f&#8220; _builder_version=&#8220;4.21.0&#8243; _module_preset=&#8220;default&#8220; global_colors_info=&#8220;{}&#8220;][\/et_pb_image][\/et_pb_column][\/et_pb_row][\/et_pb_section][et_pb_section fb_built=&#8220;1&#8243; fullwidth=&#8220;on&#8220; _builder_version=&#8220;4.21.0&#8243; _module_preset=&#8220;default&#8220; global_colors_info=&#8220;{}&#8220;][et_pb_fullwidth_slider show_pagination=&#8220;off&#8220; module_class=&#8220;wak-fullwidth-slider&#8220; _builder_version=&#8220;4.22.0&#8243; _module_preset=&#8220;default&#8220; body_line_height=&#8220;1.4em&#8220; custom_button=&#8220;on&#8220; button_text_color=&#8220;gcid-20988d2b-2007-49bd-8870-5180445b65f2&#8243; button_bg_color=&#8220;#FFFFFF&#8220; button_border_color=&#8220;#FFFFFF&#8220; button_font=&#8220;|||on|||||&#8220; button_alignment=&#8220;left&#8220; button_custom_padding=&#8220;10px||10px||true|false&#8220; width=&#8220;100%&#8220; max_width=&#8220;100%&#8220; module_alignment=&#8220;center&#8220; content_width=&#8220;100%&#8220; auto=&#8220;on&#8220; hover_enabled=&#8220;0&#8243; button_bg_color_last_edited=&#8220;off|desktop&#8220; global_colors_info=&#8220;{%22gcid-8c93adc2-a5e6-491d-ad7d-f737bd5d952f%22:%91%22button_bg_color__hover%22,%22button_border_color__hover%22%93,%22gcid-20988d2b-2007-49bd-8870-5180445b65f2%22:%91%22button_text_color%22%93}&#8220; button_bg_color__hover_enabled=&#8220;on|hover&#8220; button_bg_color__hover=&#8220;#000000&#8243; button_bg_enable_color__hover=&#8220;on&#8220; button_border_color__hover_enabled=&#8220;on|desktop&#8220; button_border_color__hover=&#8220;#000000&#8243; button_text_color__hover_enabled=&#8220;on|desktop&#8220; button_text_color__hover=&#8220;#FFFFFF&#8220; auto_ignore_hover=&#8220;on&#8220; auto_speed=&#8220;5000&#8243; sticky_enabled=&#8220;0&#8243;][et_pb_slide button_text=&#8220;mehr erfahren&#8220; button_link=&#8220;@ET-DC@eyJkeW5hbWljIjp0cnVlLCJjb250ZW50IjoicG9zdF9saW5rX3VybF9wYWdlIiwic2V0dGluZ3MiOnsicG9zdF9pZCI6IjM5NjkifX0=@&#8220; image=&#8220;https:\/\/www.bulmor.com\/mkf-kompaktstapler\/wp-content\/uploads\/2023\/07\/csm_3138__217__947e28e9d2.jpg&#8220; _builder_version=&#8220;4.21.0&#8243; _dynamic_attributes=&#8220;button_link&#8220; _module_preset=&#8220;default&#8220; global_colors_info=&#8220;{}&#8220; sticky_transition=&#8220;on&#8220;]<\/p>\n<h2>Kompaktstapler mit Elektroantrieb<\/h2>\n<p>Unsere Elektrostapler fertigen wir nach individuellen Kundenw\u00fcnschen.[\/et_pb_slide][et_pb_slide button_text=&#8220;mehr erfahren&#8220; button_link=&#8220;@ET-DC@eyJkeW5hbWljIjp0cnVlLCJjb250ZW50IjoicG9zdF9saW5rX3VybF9wYWdlIiwic2V0dGluZ3MiOnsicG9zdF9pZCI6IjQzMzYifX0=@&#8220; image=&#8220;https:\/\/www.bulmor.com\/mkf-kompaktstapler\/wp-content\/uploads\/2023\/07\/csm_3153__333__33e9978f5c.jpg&#8220; _builder_version=&#8220;4.21.0&#8243; _dynamic_attributes=&#8220;button_link&#8220; _module_preset=&#8220;default&#8220; global_colors_info=&#8220;{}&#8220; sticky_transition=&#8220;on&#8220;]<\/p>\n<h2>Kompaktstapler mit Dieselantrieb<\/h2>\n<p>Wir fertigen Wunschger\u00e4t mit Dieselantrieb passend auf Ihre Bed\u00fcrfnisse abgestimmt.[\/et_pb_slide][et_pb_slide button_text=&#8220;mehr erfahren&#8220; button_link=&#8220;@ET-DC@eyJkeW5hbWljIjp0cnVlLCJjb250ZW50IjoicG9zdF9saW5rX3VybF9wYWdlIiwic2V0dGluZ3MiOnsicG9zdF9pZCI6IjQ1ODEifX0=@&#8220; image=&#8220;https:\/\/www.bulmor.com\/mkf-kompaktstapler\/wp-content\/uploads\/2023\/07\/csm_3057__176__93673607b0.jpg&#8220; _builder_version=&#8220;4.21.0&#8243; _dynamic_attributes=&#8220;button_link&#8220; _module_preset=&#8220;default&#8220; global_colors_info=&#8220;{}&#8220; sticky_transition=&#8220;on&#8220;]<\/p>\n<h2>Kompaktstapler mit Gasantrieb<\/h2>\n<p>Sehen Sie sich eine Auswahl an Gasstaplern aus unserer Produktion an. [\/et_pb_slide][\/et_pb_fullwidth_slider][\/et_pb_section]<\/p>\n","protected":false},"excerpt":{"rendered":"<p>\u00a0KompaktstaplerF\u00fcr Maschinen- und Industrieumz\u00fcgeMit dem anh\u00e4ngbarem Kranarm k\u00f6nnen Sie per Schnellkupplungssystem innerhalb k\u00fcrzester Zeit Ihren MKF Kompaktstapler zu einem Fahrzeug mit teleskopierbarem Kran umr\u00fcsten. Tragf\u00e4higkeiten von bis zu 5 Tonnen bei einer Hakenh\u00f6he von ca. 10 Meter sind m\u00f6glich.F\u00fcr die Industrie Schmale Fahrwege, Platzmangel oder eine beengte Lagerhaltung? Kompakteste Bauweisen wie z. B. zum Be- [&hellip;]<\/p>\n","protected":false},"author":5,"featured_media":0,"parent":0,"menu_order":0,"comment_status":"closed","ping_status":"closed","template":"","meta":{"_et_pb_use_builder":"on","_et_pb_old_content":"","_et_gb_content_width":"","inline_featured_image":false,"footnotes":""},"class_list":["post-4707","page","type-page","status-publish","hentry"],"yoast_head":"<!-- This site is optimized with the Yoast SEO plugin v24.2 - https:\/\/yoast.com\/wordpress\/plugins\/seo\/ -->\n<title>Kompaktstapler bis 80 Tonnen - MKF Kompaktstapler<\/title>\n<meta name=\"description\" content=\"Seitenstapler Sondermaschinen und Mehwegestapler fertigt das Unternehmen in \u00d6sterreich. Mit Engineering Know-how im Schwerlastbereich.\" \/>\n<meta name=\"robots\" content=\"index, follow, max-snippet:-1, max-image-preview:large, max-video-preview:-1\" \/>\n<link rel=\"canonical\" href=\"https:\/\/www.bulmor.com\/mkf-kompaktstapler\/kompaktstapler-bis-80-tonnen\/\" \/>\n<meta property=\"og:locale\" content=\"de_DE\" \/>\n<meta property=\"og:type\" content=\"article\" \/>\n<meta property=\"og:title\" content=\"Kompaktstapler bis 80 Tonnen - MKF Kompaktstapler\" \/>\n<meta property=\"og:description\" content=\"Seitenstapler Sondermaschinen und Mehwegestapler fertigt das Unternehmen in \u00d6sterreich. Mit Engineering Know-how im Schwerlastbereich.\" \/>\n<meta property=\"og:url\" content=\"https:\/\/www.bulmor.com\/mkf-kompaktstapler\/kompaktstapler-bis-80-tonnen\/\" \/>\n<meta property=\"og:site_name\" content=\"MKF Kompaktstapler\" \/>\n<meta property=\"article:publisher\" content=\"https:\/\/www.facebook.com\/bulmorseitenstapler\/\" \/>\n<meta property=\"article:modified_time\" content=\"2023-09-07T09:21:34+00:00\" \/>\n<meta name=\"twitter:card\" content=\"summary_large_image\" \/>\n<meta name=\"twitter:label1\" content=\"Gesch\u00e4tzte Lesezeit\" \/>\n\t<meta name=\"twitter:data1\" content=\"3\u00a0Minuten\" \/>\n<script type=\"application\/ld+json\" class=\"yoast-schema-graph\">{\"@context\":\"https:\/\/schema.org\",\"@graph\":[{\"@type\":\"WebPage\",\"@id\":\"https:\/\/www.bulmor.com\/mkf-kompaktstapler\/kompaktstapler-bis-80-tonnen\/\",\"url\":\"https:\/\/www.bulmor.com\/mkf-kompaktstapler\/kompaktstapler-bis-80-tonnen\/\",\"name\":\"Kompaktstapler bis 80 Tonnen - MKF Kompaktstapler\",\"isPartOf\":{\"@id\":\"https:\/\/www.bulmor.com\/mkf-kompaktstapler\/#website\"},\"datePublished\":\"2023-07-28T06:49:35+00:00\",\"dateModified\":\"2023-09-07T09:21:34+00:00\",\"description\":\"Seitenstapler Sondermaschinen und Mehwegestapler fertigt das Unternehmen in \u00d6sterreich. Mit Engineering Know-how im Schwerlastbereich.\",\"breadcrumb\":{\"@id\":\"https:\/\/www.bulmor.com\/mkf-kompaktstapler\/kompaktstapler-bis-80-tonnen\/#breadcrumb\"},\"inLanguage\":\"de\",\"potentialAction\":[{\"@type\":\"ReadAction\",\"target\":[\"https:\/\/www.bulmor.com\/mkf-kompaktstapler\/kompaktstapler-bis-80-tonnen\/\"]}]},{\"@type\":\"BreadcrumbList\",\"@id\":\"https:\/\/www.bulmor.com\/mkf-kompaktstapler\/kompaktstapler-bis-80-tonnen\/#breadcrumb\",\"itemListElement\":[{\"@type\":\"ListItem\",\"position\":1,\"name\":\"Startseite\",\"item\":\"https:\/\/www.bulmor.com\/mkf-kompaktstapler\/\"},{\"@type\":\"ListItem\",\"position\":2,\"name\":\"Kompaktstapler bis 80 Tonnen\"}]},{\"@type\":\"WebSite\",\"@id\":\"https:\/\/www.bulmor.com\/mkf-kompaktstapler\/#website\",\"url\":\"https:\/\/www.bulmor.com\/mkf-kompaktstapler\/\",\"name\":\"MKF Kompaktstapler\",\"description\":\"\",\"publisher\":{\"@id\":\"https:\/\/www.bulmor.com\/mkf-kompaktstapler\/#organization\"},\"potentialAction\":[{\"@type\":\"SearchAction\",\"target\":{\"@type\":\"EntryPoint\",\"urlTemplate\":\"https:\/\/www.bulmor.com\/mkf-kompaktstapler\/?s={search_term_string}\"},\"query-input\":{\"@type\":\"PropertyValueSpecification\",\"valueRequired\":true,\"valueName\":\"search_term_string\"}}],\"inLanguage\":\"de\"},{\"@type\":\"Organization\",\"@id\":\"https:\/\/www.bulmor.com\/mkf-kompaktstapler\/#organization\",\"name\":\"MKF Kompaktstapler\",\"url\":\"https:\/\/www.bulmor.com\/mkf-kompaktstapler\/\",\"logo\":{\"@type\":\"ImageObject\",\"inLanguage\":\"de\",\"@id\":\"https:\/\/www.bulmor.com\/mkf-kompaktstapler\/#\/schema\/logo\/image\/\",\"url\":\"https:\/\/www.bulmor.com\/mkf-kompaktstapler\/wp-content\/uploads\/2023\/06\/logo_mkf_black.png\",\"contentUrl\":\"https:\/\/www.bulmor.com\/mkf-kompaktstapler\/wp-content\/uploads\/2023\/06\/logo_mkf_black.png\",\"width\":699,\"height\":491,\"caption\":\"MKF Kompaktstapler\"},\"image\":{\"@id\":\"https:\/\/www.bulmor.com\/mkf-kompaktstapler\/#\/schema\/logo\/image\/\"},\"sameAs\":[\"https:\/\/www.facebook.com\/bulmorseitenstapler\/\",\"https:\/\/www.linkedin.com\/company\/bulmor-industries-gmbh\/mycompany\/\",\"https:\/\/www.youtube.com\/channel\/UCefJ8LLmx7rUk3zc4NnGYAQ\"]}]}<\/script>\n<!-- \/ Yoast SEO plugin. -->","yoast_head_json":{"title":"Kompaktstapler bis 80 Tonnen - MKF Kompaktstapler","description":"Seitenstapler Sondermaschinen und Mehwegestapler fertigt das Unternehmen in \u00d6sterreich. Mit Engineering Know-how im Schwerlastbereich.","robots":{"index":"index","follow":"follow","max-snippet":"max-snippet:-1","max-image-preview":"max-image-preview:large","max-video-preview":"max-video-preview:-1"},"canonical":"https:\/\/www.bulmor.com\/mkf-kompaktstapler\/kompaktstapler-bis-80-tonnen\/","og_locale":"de_DE","og_type":"article","og_title":"Kompaktstapler bis 80 Tonnen - MKF Kompaktstapler","og_description":"Seitenstapler Sondermaschinen und Mehwegestapler fertigt das Unternehmen in \u00d6sterreich. Mit Engineering Know-how im Schwerlastbereich.","og_url":"https:\/\/www.bulmor.com\/mkf-kompaktstapler\/kompaktstapler-bis-80-tonnen\/","og_site_name":"MKF Kompaktstapler","article_publisher":"https:\/\/www.facebook.com\/bulmorseitenstapler\/","article_modified_time":"2023-09-07T09:21:34+00:00","twitter_card":"summary_large_image","twitter_misc":{"Gesch\u00e4tzte Lesezeit":"3\u00a0Minuten"},"schema":{"@context":"https:\/\/schema.org","@graph":[{"@type":"WebPage","@id":"https:\/\/www.bulmor.com\/mkf-kompaktstapler\/kompaktstapler-bis-80-tonnen\/","url":"https:\/\/www.bulmor.com\/mkf-kompaktstapler\/kompaktstapler-bis-80-tonnen\/","name":"Kompaktstapler bis 80 Tonnen - MKF Kompaktstapler","isPartOf":{"@id":"https:\/\/www.bulmor.com\/mkf-kompaktstapler\/#website"},"datePublished":"2023-07-28T06:49:35+00:00","dateModified":"2023-09-07T09:21:34+00:00","description":"Seitenstapler Sondermaschinen und Mehwegestapler fertigt das Unternehmen in \u00d6sterreich. Mit Engineering Know-how im Schwerlastbereich.","breadcrumb":{"@id":"https:\/\/www.bulmor.com\/mkf-kompaktstapler\/kompaktstapler-bis-80-tonnen\/#breadcrumb"},"inLanguage":"de","potentialAction":[{"@type":"ReadAction","target":["https:\/\/www.bulmor.com\/mkf-kompaktstapler\/kompaktstapler-bis-80-tonnen\/"]}]},{"@type":"BreadcrumbList","@id":"https:\/\/www.bulmor.com\/mkf-kompaktstapler\/kompaktstapler-bis-80-tonnen\/#breadcrumb","itemListElement":[{"@type":"ListItem","position":1,"name":"Startseite","item":"https:\/\/www.bulmor.com\/mkf-kompaktstapler\/"},{"@type":"ListItem","position":2,"name":"Kompaktstapler bis 80 Tonnen"}]},{"@type":"WebSite","@id":"https:\/\/www.bulmor.com\/mkf-kompaktstapler\/#website","url":"https:\/\/www.bulmor.com\/mkf-kompaktstapler\/","name":"MKF Kompaktstapler","description":"","publisher":{"@id":"https:\/\/www.bulmor.com\/mkf-kompaktstapler\/#organization"},"potentialAction":[{"@type":"SearchAction","target":{"@type":"EntryPoint","urlTemplate":"https:\/\/www.bulmor.com\/mkf-kompaktstapler\/?s={search_term_string}"},"query-input":{"@type":"PropertyValueSpecification","valueRequired":true,"valueName":"search_term_string"}}],"inLanguage":"de"},{"@type":"Organization","@id":"https:\/\/www.bulmor.com\/mkf-kompaktstapler\/#organization","name":"MKF Kompaktstapler","url":"https:\/\/www.bulmor.com\/mkf-kompaktstapler\/","logo":{"@type":"ImageObject","inLanguage":"de","@id":"https:\/\/www.bulmor.com\/mkf-kompaktstapler\/#\/schema\/logo\/image\/","url":"https:\/\/www.bulmor.com\/mkf-kompaktstapler\/wp-content\/uploads\/2023\/06\/logo_mkf_black.png","contentUrl":"https:\/\/www.bulmor.com\/mkf-kompaktstapler\/wp-content\/uploads\/2023\/06\/logo_mkf_black.png","width":699,"height":491,"caption":"MKF Kompaktstapler"},"image":{"@id":"https:\/\/www.bulmor.com\/mkf-kompaktstapler\/#\/schema\/logo\/image\/"},"sameAs":["https:\/\/www.facebook.com\/bulmorseitenstapler\/","https:\/\/www.linkedin.com\/company\/bulmor-industries-gmbh\/mycompany\/","https:\/\/www.youtube.com\/channel\/UCefJ8LLmx7rUk3zc4NnGYAQ"]}]}},"_links":{"self":[{"href":"https:\/\/www.bulmor.com\/mkf-kompaktstapler\/wp-json\/wp\/v2\/pages\/4707","targetHints":{"allow":["GET"]}}],"collection":[{"href":"https:\/\/www.bulmor.com\/mkf-kompaktstapler\/wp-json\/wp\/v2\/pages"}],"about":[{"href":"https:\/\/www.bulmor.com\/mkf-kompaktstapler\/wp-json\/wp\/v2\/types\/page"}],"author":[{"embeddable":true,"href":"https:\/\/www.bulmor.com\/mkf-kompaktstapler\/wp-json\/wp\/v2\/users\/5"}],"replies":[{"embeddable":true,"href":"https:\/\/www.bulmor.com\/mkf-kompaktstapler\/wp-json\/wp\/v2\/comments?post=4707"}],"version-history":[{"count":8,"href":"https:\/\/www.bulmor.com\/mkf-kompaktstapler\/wp-json\/wp\/v2\/pages\/4707\/revisions"}],"predecessor-version":[{"id":5201,"href":"https:\/\/www.bulmor.com\/mkf-kompaktstapler\/wp-json\/wp\/v2\/pages\/4707\/revisions\/5201"}],"wp:attachment":[{"href":"https:\/\/www.bulmor.com\/mkf-kompaktstapler\/wp-json\/wp\/v2\/media?parent=4707"}],"curies":[{"name":"wp","href":"https:\/\/api.w.org\/{rel}","templated":true}]}}