{"id":5083,"date":"2023-07-28T08:49:35","date_gmt":"2023-07-28T06:49:35","guid":{"rendered":"https:\/\/www.bulmor.com\/mkf-kompaktstapler\/?page_id=5083"},"modified":"2026-03-19T12:00:48","modified_gmt":"2026-03-19T11:00:48","slug":"chariots-compacts-jusqua-80-tonnes-de-capacite","status":"publish","type":"page","link":"https:\/\/www.bulmor.com\/mkf-kompaktstapler\/fr\/chariots-compacts-jusqua-80-tonnes-de-capacite\/","title":{"rendered":"Chariots compacts jusqu&rsquo;\u00e0 80 tonnes de capacit\u00e9"},"content":{"rendered":"<p>[et_pb_section fb_built=\u00a0\u00bb1&Prime; _builder_version=\u00a0\u00bb4.21.0&Prime; _module_preset=\u00a0\u00bbdefault\u00a0\u00bb use_background_color_gradient=\u00a0\u00bbon\u00a0\u00bb background_color_gradient_stops=\u00a0\u00bbrgba(0,0,0,0.3) 0%|rgba(0,0,0,0.3) 100%\u00a0\u00bb background_color_gradient_overlays_image=\u00a0\u00bbon\u00a0\u00bb background_color_gradient_start=\u00a0\u00bbrgba(0,0,0,0.3)\u00a0\u00bb background_color_gradient_end=\u00a0\u00bbrgba(0,0,0,0.3)\u00a0\u00bb background_image=\u00a0\u00bbhttps:\/\/www.bulmor.com\/mkf-kompaktstapler\/wp-content\/uploads\/2023\/07\/kompaktstapler_80_header.jpg\u00a0\u00bb global_colors_info=\u00a0\u00bb{}\u00a0\u00bb][et_pb_row _builder_version=\u00a0\u00bb4.16&Prime; _module_preset=\u00a0\u00bbdefault\u00a0\u00bb global_colors_info=\u00a0\u00bb{}\u00a0\u00bb][et_pb_column type=\u00a0\u00bb4_4&Prime; _builder_version=\u00a0\u00bb4.16&Prime; _module_preset=\u00a0\u00bbdefault\u00a0\u00bb global_colors_info=\u00a0\u00bb{}\u00a0\u00bb][et_pb_text _builder_version=\u00a0\u00bb4.22.0&Prime; _module_preset=\u00a0\u00bbdefault\u00a0\u00bb header_font=\u00a0\u00bb|800||on|||||\u00a0\u00bb header_text_align=\u00a0\u00bbleft\u00a0\u00bb custom_margin=\u00a0\u00bb300px||50px||false|false\u00a0\u00bb custom_margin_tablet=\u00a0\u00bb250px||40px||false|false\u00a0\u00bb custom_margin_phone=\u00a0\u00bb200px||30px||false|false\u00a0\u00bb custom_margin_last_edited=\u00a0\u00bbon|phone\u00a0\u00bb animation_style=\u00a0\u00bbfade\u00a0\u00bb animation_duration=\u00a0\u00bb700ms\u00a0\u00bb animation_delay=\u00a0\u00bb700ms\u00a0\u00bb global_colors_info=\u00a0\u00bb{}\u00a0\u00bb]<\/p>\n<h1 class=\"csc-firstHeader\">\u00a0Chariots compacts<\/h1>\n<p>[\/et_pb_text][\/et_pb_column][\/et_pb_row][\/et_pb_section][et_pb_section fb_built=\u00a0\u00bb1&Prime; module_id=\u00a0\u00bbhome-more\u00a0\u00bb _builder_version=\u00a0\u00bb4.21.0&Prime; _module_preset=\u00a0\u00bbdefault\u00a0\u00bb custom_padding=\u00a0\u00bb100px||100px||false|false\u00a0\u00bb global_colors_info=\u00a0\u00bb{}\u00a0\u00bb][et_pb_row column_structure=\u00a0\u00bb1_2,1_2&Prime; module_class=\u00a0\u00bbwak-centered\u00a0\u00bb _builder_version=\u00a0\u00bb4.21.0&Prime; _module_preset=\u00a0\u00bbdefault\u00a0\u00bb custom_margin=\u00a0\u00bb0px||0px||false|false\u00a0\u00bb animation_style=\u00a0\u00bbfade\u00a0\u00bb global_colors_info=\u00a0\u00bb{}\u00a0\u00bb][et_pb_column type=\u00a0\u00bb1_2&Prime; _builder_version=\u00a0\u00bb4.16&Prime; _module_preset=\u00a0\u00bbdefault\u00a0\u00bb global_colors_info=\u00a0\u00bb{}\u00a0\u00bb][et_pb_image src=\u00a0\u00bbhttps:\/\/www.bulmor.com\/mkf-kompaktstapler\/wp-content\/uploads\/2023\/07\/industrieumzuege.jpg\u00a0\u00bb title_text=\u00a0\u00bbindustrieumzuege\u00a0\u00bb _builder_version=\u00a0\u00bb4.21.0&Prime; _module_preset=\u00a0\u00bbdefault\u00a0\u00bb global_colors_info=\u00a0\u00bb{}\u00a0\u00bb][\/et_pb_image][\/et_pb_column][et_pb_column type=\u00a0\u00bb1_2&Prime; _builder_version=\u00a0\u00bb4.16&Prime; _module_preset=\u00a0\u00bbdefault\u00a0\u00bb global_colors_info=\u00a0\u00bb{}\u00a0\u00bb][et_pb_text _builder_version=\u00a0\u00bb4.22.0&Prime; _module_preset=\u00a0\u00bbdefault\u00a0\u00bb header_2_font=\u00a0\u00bb|700|||||||\u00a0\u00bb global_colors_info=\u00a0\u00bb{}\u00a0\u00bb]<\/p>\n<h2>D\u00e9m\u00e9nagements de machines et d\u00e9m\u00e9nagements industriels<br \/>\n<\/h2>\n<p>[\/et_pb_text][et_pb_text _builder_version=\u00a0\u00bb4.22.0&Prime; _module_preset=\u00a0\u00bbdefault\u00a0\u00bb header_3_text_align=\u00a0\u00bbcenter\u00a0\u00bb animation_style=\u00a0\u00bbfade\u00a0\u00bb animation_delay=\u00a0\u00bb300ms\u00a0\u00bb global_colors_info=\u00a0\u00bb{}\u00a0\u00bb]Avec le bras de grue et le syst\u00e8me d&rsquo;accouplement rapide, vous transformez votre chariot \u00e9l\u00e9vateur compact MKF \u00e0 une grue dans les plus brefs d\u00e9lais. <\/p>\n<p>Des capacit\u00e9s de charge allant jusqu&rsquo;\u00e0 5 tonnes avec une hauteur de crochet d&rsquo;environ 10 m\u00e8tres sont possibles.[\/et_pb_text][\/et_pb_column][\/et_pb_row][\/et_pb_section][et_pb_section fb_built=\u00a0\u00bb1&Prime; _builder_version=\u00a0\u00bb4.21.0&Prime; _module_preset=\u00a0\u00bbdefault\u00a0\u00bb global_colors_info=\u00a0\u00bb{}\u00a0\u00bb][et_pb_row column_structure=\u00a0\u00bb2_5,3_5&Prime; use_custom_gutter=\u00a0\u00bbon\u00a0\u00bb gutter_width=\u00a0\u00bb1&Prime; make_equal=\u00a0\u00bbon\u00a0\u00bb module_class=\u00a0\u00bbwak-centered wak-video-wrap\u00a0\u00bb _builder_version=\u00a0\u00bb4.21.0&Prime; _module_preset=\u00a0\u00bbdefault\u00a0\u00bb width=\u00a0\u00bb100%\u00a0\u00bb max_width=\u00a0\u00bb100%\u00a0\u00bb custom_margin=\u00a0\u00bb||||false|false\u00a0\u00bb global_colors_info=\u00a0\u00bb{}\u00a0\u00bb][et_pb_column type=\u00a0\u00bb2_5&Prime; _builder_version=\u00a0\u00bb4.16&Prime; _module_preset=\u00a0\u00bbdefault\u00a0\u00bb custom_padding=\u00a0\u00bb75px|5%|75px|7%|false|false\u00a0\u00bb custom_padding_tablet=\u00a0\u00bb50px|5%|25px|5%|false|true\u00a0\u00bb custom_padding_phone=\u00a0\u00bb|5%|35px||false|false\u00a0\u00bb custom_padding_last_edited=\u00a0\u00bbon|phone\u00a0\u00bb animation_style=\u00a0\u00bbfade\u00a0\u00bb animation_delay=\u00a0\u00bb500ms\u00a0\u00bb global_colors_info=\u00a0\u00bb{}\u00a0\u00bb][et_pb_text _builder_version=\u00a0\u00bb4.22.0&Prime; _module_preset=\u00a0\u00bbdefault\u00a0\u00bb global_colors_info=\u00a0\u00bb{}\u00a0\u00bb]<\/p>\n<h2>Pour le secteur industriel<br \/>\n<\/h2>\n<p>All\u00e9es \u00e9troites, manque d&rsquo;espace ou stockage limit\u00e9? Les m\u00e9thodes de construction les plus compactes, par exemple pour le chargement et le d\u00e9chargement des conteneurs.[\/et_pb_text][et_pb_button button_url=\u00a0\u00bb@ET-DC@eyJkeW5hbWljIjp0cnVlLCJjb250ZW50IjoicG9zdF9saW5rX3VybF9wYWdlIiwic2V0dGluZ3MiOnsicG9zdF9pZCI6Ijc4MiJ9fQ==@\u00a0\u00bb button_text=\u00a0\u00bbmehr erfahren\u00a0\u00bb disabled_on=\u00a0\u00bbon|on|on\u00a0\u00bb _builder_version=\u00a0\u00bb4.21.0&Prime; _dynamic_attributes=\u00a0\u00bbbutton_url\u00a0\u00bb _module_preset=\u00a0\u00bbdefault\u00a0\u00bb disabled=\u00a0\u00bbon\u00a0\u00bb global_colors_info=\u00a0\u00bb{}\u00a0\u00bb][\/et_pb_button][\/et_pb_column][et_pb_column type=\u00a0\u00bb3_5&Prime; module_class=\u00a0\u00bbwak-video-schraeg\u00a0\u00bb _builder_version=\u00a0\u00bb4.21.0&Prime; _module_preset=\u00a0\u00bbdefault\u00a0\u00bb background_image=\u00a0\u00bbhttps:\/\/www.bulmor.com\/mkf-kompaktstapler\/wp-content\/uploads\/2023\/07\/csm_3061_a5dc3217ee.jpg\u00a0\u00bb background_enable_video_mp4=\u00a0\u00bboff\u00a0\u00bb global_colors_info=\u00a0\u00bb{}\u00a0\u00bb][et_pb_divider show_divider=\u00a0\u00bboff\u00a0\u00bb _builder_version=\u00a0\u00bb4.21.0&Prime; _module_preset=\u00a0\u00bbdefault\u00a0\u00bb min_height=\u00a0\u00bb600px\u00a0\u00bb min_height_tablet=\u00a0\u00bb400px\u00a0\u00bb min_height_phone=\u00a0\u00bb300px\u00a0\u00bb min_height_last_edited=\u00a0\u00bbon|phone\u00a0\u00bb global_colors_info=\u00a0\u00bb{}\u00a0\u00bb][\/et_pb_divider][\/et_pb_column][\/et_pb_row][\/et_pb_section][et_pb_section fb_built=\u00a0\u00bb1&Prime; module_id=\u00a0\u00bbhome-more\u00a0\u00bb _builder_version=\u00a0\u00bb4.21.0&Prime; _module_preset=\u00a0\u00bbdefault\u00a0\u00bb custom_padding=\u00a0\u00bb100px||100px||false|false\u00a0\u00bb global_colors_info=\u00a0\u00bb{}\u00a0\u00bb][et_pb_row column_structure=\u00a0\u00bb1_2,1_2&Prime; module_class=\u00a0\u00bbwak-centered\u00a0\u00bb _builder_version=\u00a0\u00bb4.21.0&Prime; _module_preset=\u00a0\u00bbdefault\u00a0\u00bb custom_margin=\u00a0\u00bb0px||0px||false|false\u00a0\u00bb animation_style=\u00a0\u00bbfade\u00a0\u00bb global_colors_info=\u00a0\u00bb{}\u00a0\u00bb][et_pb_column type=\u00a0\u00bb1_2&Prime; _builder_version=\u00a0\u00bb4.16&Prime; _module_preset=\u00a0\u00bbdefault\u00a0\u00bb global_colors_info=\u00a0\u00bb{}\u00a0\u00bb][et_pb_image src=\u00a0\u00bbhttps:\/\/www.bulmor.com\/mkf-kompaktstapler\/wp-content\/uploads\/2023\/07\/csm_3140__2__1a2d0fd3e6.jpg\u00a0\u00bb title_text=\u00a0\u00bbcsm_3140__2__1a2d0fd3e6&Prime; _builder_version=\u00a0\u00bb4.21.0&Prime; _module_preset=\u00a0\u00bbdefault\u00a0\u00bb global_colors_info=\u00a0\u00bb{}\u00a0\u00bb][\/et_pb_image][\/et_pb_column][et_pb_column type=\u00a0\u00bb1_2&Prime; _builder_version=\u00a0\u00bb4.16&Prime; _module_preset=\u00a0\u00bbdefault\u00a0\u00bb global_colors_info=\u00a0\u00bb{}\u00a0\u00bb][et_pb_text _builder_version=\u00a0\u00bb4.22.0&Prime; _module_preset=\u00a0\u00bbdefault\u00a0\u00bb header_2_font=\u00a0\u00bb|700|||||||\u00a0\u00bb global_colors_info=\u00a0\u00bb{}\u00a0\u00bb]<\/p>\n<h2>Pour l&rsquo;industrie des fonderies<br \/>\n<\/h2>\n<p>[\/et_pb_text][et_pb_text _builder_version=\u00a0\u00bb4.22.0&Prime; _module_preset=\u00a0\u00bbdefault\u00a0\u00bb header_3_text_align=\u00a0\u00bbcenter\u00a0\u00bb animation_style=\u00a0\u00bbfade\u00a0\u00bb animation_delay=\u00a0\u00bb300ms\u00a0\u00bb global_colors_info=\u00a0\u00bb{}\u00a0\u00bb]Notre version prot\u00e9g\u00e9e contre le chaud avec une cabine confort climatis\u00e9e, des tubes ignifuges et des attaches r\u00e9sistantes \u00e0 la chaleur. Cabine avec vitrage c\u00e9ramique r\u00e9sistant \u00e0 la chaleur et verre r\u00e9sistant \u00e0 la chaleur sur les phares de conduite et de travail et Blue Spot. Housse de protection pour les roues motrices.[\/et_pb_text][\/et_pb_column][\/et_pb_row][\/et_pb_section][et_pb_section fb_built=\u00a0\u00bb1&Prime; module_id=\u00a0\u00bbhome-more\u00a0\u00bb _builder_version=\u00a0\u00bb4.21.0&Prime; _module_preset=\u00a0\u00bbdefault\u00a0\u00bb custom_padding=\u00a0\u00bb0px||100px||false|false\u00a0\u00bb global_colors_info=\u00a0\u00bb{}\u00a0\u00bb][et_pb_row column_structure=\u00a0\u00bb1_2,1_2&Prime; module_class=\u00a0\u00bbwak-centered\u00a0\u00bb _builder_version=\u00a0\u00bb4.21.0&Prime; _module_preset=\u00a0\u00bbdefault\u00a0\u00bb custom_margin=\u00a0\u00bb0px||0px||false|false\u00a0\u00bb animation_style=\u00a0\u00bbfade\u00a0\u00bb global_colors_info=\u00a0\u00bb{}\u00a0\u00bb][et_pb_column type=\u00a0\u00bb1_2&Prime; _builder_version=\u00a0\u00bb4.16&Prime; _module_preset=\u00a0\u00bbdefault\u00a0\u00bb global_colors_info=\u00a0\u00bb{}\u00a0\u00bb][et_pb_text _builder_version=\u00a0\u00bb4.22.0&Prime; _module_preset=\u00a0\u00bbdefault\u00a0\u00bb header_2_font=\u00a0\u00bb|700|||||||\u00a0\u00bb global_colors_info=\u00a0\u00bb{}\u00a0\u00bb]<\/p>\n<h2>Pour l&rsquo;industrie de l&rsquo;imprimerie et du papier<br \/>\n<\/h2>\n<p>[\/et_pb_text][et_pb_text _builder_version=\u00a0\u00bb4.22.0&Prime; _module_preset=\u00a0\u00bbdefault\u00a0\u00bb header_3_text_align=\u00a0\u00bbcenter\u00a0\u00bb animation_style=\u00a0\u00bbfade\u00a0\u00bb animation_delay=\u00a0\u00bb300ms\u00a0\u00bb global_colors_info=\u00a0\u00bb{}\u00a0\u00bb]Notre chariot \u00e9l\u00e9vateur compact avec pince rotative pour bobines de papier. Hauteur de levage jusqu&rsquo;\u00e0 10 m\u00e8tres.[\/et_pb_text][\/et_pb_column][et_pb_column type=\u00a0\u00bb1_2&Prime; _builder_version=\u00a0\u00bb4.16&Prime; _module_preset=\u00a0\u00bbdefault\u00a0\u00bb global_colors_info=\u00a0\u00bb{}\u00a0\u00bb][et_pb_image src=\u00a0\u00bbhttps:\/\/www.bulmor.com\/mkf-kompaktstapler\/wp-content\/uploads\/2023\/07\/csm_3019_33ae3c2c5f.jpg\u00a0\u00bb title_text=\u00a0\u00bbcsm_3019_33ae3c2c5f\u00a0\u00bb _builder_version=\u00a0\u00bb4.21.0&Prime; _module_preset=\u00a0\u00bbdefault\u00a0\u00bb global_colors_info=\u00a0\u00bb{}\u00a0\u00bb][\/et_pb_image][\/et_pb_column][\/et_pb_row][\/et_pb_section][et_pb_section fb_built=\u00a0\u00bb1&Prime; fullwidth=\u00a0\u00bbon\u00a0\u00bb _builder_version=\u00a0\u00bb4.21.0&Prime; _module_preset=\u00a0\u00bbdefault\u00a0\u00bb global_colors_info=\u00a0\u00bb{}\u00a0\u00bb][et_pb_fullwidth_slider show_pagination=\u00a0\u00bboff\u00a0\u00bb module_class=\u00a0\u00bbwak-fullwidth-slider\u00a0\u00bb _builder_version=\u00a0\u00bb4.22.0&Prime; _module_preset=\u00a0\u00bbdefault\u00a0\u00bb body_line_height=\u00a0\u00bb1.4em\u00a0\u00bb custom_button=\u00a0\u00bbon\u00a0\u00bb button_text_color=\u00a0\u00bbgcid-20988d2b-2007-49bd-8870-5180445b65f2&Prime; button_bg_color=\u00a0\u00bb#FFFFFF\u00a0\u00bb button_border_color=\u00a0\u00bb#FFFFFF\u00a0\u00bb button_font=\u00a0\u00bb|||on|||||\u00a0\u00bb button_alignment=\u00a0\u00bbleft\u00a0\u00bb button_custom_padding=\u00a0\u00bb10px||10px||true|false\u00a0\u00bb width=\u00a0\u00bb100%\u00a0\u00bb max_width=\u00a0\u00bb100%\u00a0\u00bb module_alignment=\u00a0\u00bbcenter\u00a0\u00bb content_width=\u00a0\u00bb100%\u00a0\u00bb auto=\u00a0\u00bbon\u00a0\u00bb button_bg_color_last_edited=\u00a0\u00bboff|desktop\u00a0\u00bb global_colors_info=\u00a0\u00bb{%22gcid-8c93adc2-a5e6-491d-ad7d-f737bd5d952f%22:%91%22button_bg_color__hover%22,%22button_border_color__hover%22%93,%22gcid-20988d2b-2007-49bd-8870-5180445b65f2%22:%91%22button_text_color%22%93}\u00a0\u00bb button_bg_color__hover_enabled=\u00a0\u00bbon|hover\u00a0\u00bb button_bg_color__hover=\u00a0\u00bb#000000&Prime; button_bg_enable_color__hover=\u00a0\u00bbon\u00a0\u00bb button_border_color__hover_enabled=\u00a0\u00bbon|desktop\u00a0\u00bb button_border_color__hover=\u00a0\u00bb#000000&Prime; button_text_color__hover_enabled=\u00a0\u00bbon|desktop\u00a0\u00bb button_text_color__hover=\u00a0\u00bb#FFFFFF\u00a0\u00bb][et_pb_slide button_text=\u00a0\u00bbplus\u00a0\u00bb button_link=\u00a0\u00bb@ET-DC@eyJkeW5hbWljIjp0cnVlLCJjb250ZW50IjoicG9zdF9saW5rX3VybF9wYWdlIiwic2V0dGluZ3MiOnsicG9zdF9pZCI6IjM5NjkifX0=@\u00a0\u00bb image=\u00a0\u00bbhttps:\/\/www.bulmor.com\/mkf-kompaktstapler\/wp-content\/uploads\/2023\/07\/csm_3138__217__947e28e9d2.jpg\u00a0\u00bb _builder_version=\u00a0\u00bb4.22.0&Prime; _dynamic_attributes=\u00a0\u00bbbutton_link\u00a0\u00bb _module_preset=\u00a0\u00bbdefault\u00a0\u00bb global_colors_info=\u00a0\u00bb{}\u00a0\u00bb sticky_transition=\u00a0\u00bbon\u00a0\u00bb]<\/p>\n<h2>Chariots Electrique<br \/>\n<\/h2>\n<p>Vous pouvez trouver un aper\u00e7u des chariots \u00e9lectriques d\u00e9j\u00e0 construits selon les sp\u00e9cifications des clients ici[\/et_pb_slide][et_pb_slide button_text=\u00a0\u00bbplus\u00a0\u00bb button_link=\u00a0\u00bb@ET-DC@eyJkeW5hbWljIjp0cnVlLCJjb250ZW50IjoicG9zdF9saW5rX3VybF9wYWdlIiwic2V0dGluZ3MiOnsicG9zdF9pZCI6IjQzMzYifX0=@\u00a0\u00bb image=\u00a0\u00bbhttps:\/\/www.bulmor.com\/mkf-kompaktstapler\/wp-content\/uploads\/2023\/07\/csm_3153__333__33e9978f5c.jpg\u00a0\u00bb _builder_version=\u00a0\u00bb4.22.0&Prime; _dynamic_attributes=\u00a0\u00bbbutton_link\u00a0\u00bb _module_preset=\u00a0\u00bbdefault\u00a0\u00bb global_colors_info=\u00a0\u00bb{}\u00a0\u00bb sticky_transition=\u00a0\u00bbon\u00a0\u00bb]<\/p>\n<h2>Chariots Diesel<br \/>\n<\/h2>\n<p>V\u00e9hicules d\u00e9j\u00e0 construits avec des moteurs diesel.[\/et_pb_slide][et_pb_slide button_text=\u00a0\u00bbplus\u00a0\u00bb button_link=\u00a0\u00bb@ET-DC@eyJkeW5hbWljIjp0cnVlLCJjb250ZW50IjoicG9zdF9saW5rX3VybF9wYWdlIiwic2V0dGluZ3MiOnsicG9zdF9pZCI6IjQ1ODEifX0=@\u00a0\u00bb image=\u00a0\u00bbhttps:\/\/www.bulmor.com\/mkf-kompaktstapler\/wp-content\/uploads\/2023\/07\/csm_3057__176__93673607b0.jpg\u00a0\u00bb _builder_version=\u00a0\u00bb4.22.0&Prime; _dynamic_attributes=\u00a0\u00bbbutton_link\u00a0\u00bb _module_preset=\u00a0\u00bbdefault\u00a0\u00bb global_colors_info=\u00a0\u00bb{}\u00a0\u00bb sticky_transition=\u00a0\u00bbon\u00a0\u00bb]<\/p>\n<h2>Chariots Gaz<\/h2>\n<p>Trouvez ici une s\u00e9lection de chariots \u00e9l\u00e9vateurs \u00e0 gaz de notre production.[\/et_pb_slide][\/et_pb_fullwidth_slider][\/et_pb_section]<\/p>\n","protected":false},"excerpt":{"rendered":"<p>\u00a0Chariots compactsD\u00e9m\u00e9nagements de machines et d\u00e9m\u00e9nagements industriels Avec le bras de grue et le syst\u00e8me d&rsquo;accouplement rapide, vous transformez votre chariot \u00e9l\u00e9vateur compact MKF \u00e0 une grue dans les plus brefs d\u00e9lais. Des capacit\u00e9s de charge allant jusqu&rsquo;\u00e0 5 tonnes avec une hauteur de crochet d&rsquo;environ 10 m\u00e8tres sont possibles.Pour le secteur industriel All\u00e9es \u00e9troites, [&hellip;]<\/p>\n","protected":false},"author":5,"featured_media":0,"parent":0,"menu_order":0,"comment_status":"closed","ping_status":"closed","template":"","meta":{"_et_pb_use_builder":"on","_et_pb_old_content":"","_et_gb_content_width":"","inline_featured_image":false,"footnotes":""},"class_list":["post-5083","page","type-page","status-publish","hentry"],"yoast_head":"<!-- This site is optimized with the Yoast SEO plugin v24.2 - https:\/\/yoast.com\/wordpress\/plugins\/seo\/ -->\n<title>Chariots compacts jusqu&#039;\u00e0 80 tonnes de capacit\u00e9 - MKF Kompaktstapler<\/title>\n<meta name=\"robots\" content=\"index, follow, max-snippet:-1, max-image-preview:large, max-video-preview:-1\" \/>\n<link rel=\"canonical\" href=\"https:\/\/www.bulmor.com\/mkf-kompaktstapler\/fr\/chariots-compacts-jusqua-80-tonnes-de-capacite\/\" \/>\n<meta property=\"og:locale\" content=\"fr_FR\" \/>\n<meta property=\"og:type\" content=\"article\" \/>\n<meta property=\"og:title\" content=\"Chariots compacts jusqu&#039;\u00e0 80 tonnes de capacit\u00e9 - MKF Kompaktstapler\" \/>\n<meta property=\"og:description\" content=\"\u00a0Chariots compactsD\u00e9m\u00e9nagements de machines et d\u00e9m\u00e9nagements industriels Avec le bras de grue et le syst\u00e8me d&#039;accouplement rapide, vous transformez votre chariot \u00e9l\u00e9vateur compact MKF \u00e0 une grue dans les plus brefs d\u00e9lais. Des capacit\u00e9s de charge allant jusqu&#039;\u00e0 5 tonnes avec une hauteur de crochet d&#039;environ 10 m\u00e8tres sont possibles.Pour le secteur industriel All\u00e9es \u00e9troites, [&hellip;]\" \/>\n<meta property=\"og:url\" content=\"https:\/\/www.bulmor.com\/mkf-kompaktstapler\/fr\/chariots-compacts-jusqua-80-tonnes-de-capacite\/\" \/>\n<meta property=\"og:site_name\" content=\"MKF Kompaktstapler\" \/>\n<meta property=\"article:publisher\" content=\"https:\/\/www.facebook.com\/bulmorseitenstapler\/\" \/>\n<meta property=\"article:modified_time\" content=\"2026-03-19T11:00:48+00:00\" \/>\n<meta name=\"twitter:card\" content=\"summary_large_image\" \/>\n<script type=\"application\/ld+json\" class=\"yoast-schema-graph\">{\"@context\":\"https:\/\/schema.org\",\"@graph\":[{\"@type\":\"WebPage\",\"@id\":\"https:\/\/www.bulmor.com\/mkf-kompaktstapler\/fr\/chariots-compacts-jusqua-80-tonnes-de-capacite\/\",\"url\":\"https:\/\/www.bulmor.com\/mkf-kompaktstapler\/fr\/chariots-compacts-jusqua-80-tonnes-de-capacite\/\",\"name\":\"Chariots compacts jusqu'\u00e0 80 tonnes de capacit\u00e9 - MKF Kompaktstapler\",\"isPartOf\":{\"@id\":\"https:\/\/www.bulmor.com\/mkf-kompaktstapler\/fr\/#website\"},\"datePublished\":\"2023-07-28T06:49:35+00:00\",\"dateModified\":\"2026-03-19T11:00:48+00:00\",\"breadcrumb\":{\"@id\":\"https:\/\/www.bulmor.com\/mkf-kompaktstapler\/fr\/chariots-compacts-jusqua-80-tonnes-de-capacite\/#breadcrumb\"},\"inLanguage\":\"fr-FR\",\"potentialAction\":[{\"@type\":\"ReadAction\",\"target\":[\"https:\/\/www.bulmor.com\/mkf-kompaktstapler\/fr\/chariots-compacts-jusqua-80-tonnes-de-capacite\/\"]}]},{\"@type\":\"BreadcrumbList\",\"@id\":\"https:\/\/www.bulmor.com\/mkf-kompaktstapler\/fr\/chariots-compacts-jusqua-80-tonnes-de-capacite\/#breadcrumb\",\"itemListElement\":[{\"@type\":\"ListItem\",\"position\":1,\"name\":\"Startseite\",\"item\":\"https:\/\/www.bulmor.com\/mkf-kompaktstapler\/fr\/\"},{\"@type\":\"ListItem\",\"position\":2,\"name\":\"Chariots compacts jusqu&#8217;\u00e0 80 tonnes de capacit\u00e9\"}]},{\"@type\":\"WebSite\",\"@id\":\"https:\/\/www.bulmor.com\/mkf-kompaktstapler\/fr\/#website\",\"url\":\"https:\/\/www.bulmor.com\/mkf-kompaktstapler\/fr\/\",\"name\":\"MKF Kompaktstapler\",\"description\":\"\",\"publisher\":{\"@id\":\"https:\/\/www.bulmor.com\/mkf-kompaktstapler\/fr\/#organization\"},\"potentialAction\":[{\"@type\":\"SearchAction\",\"target\":{\"@type\":\"EntryPoint\",\"urlTemplate\":\"https:\/\/www.bulmor.com\/mkf-kompaktstapler\/fr\/?s={search_term_string}\"},\"query-input\":{\"@type\":\"PropertyValueSpecification\",\"valueRequired\":true,\"valueName\":\"search_term_string\"}}],\"inLanguage\":\"fr-FR\"},{\"@type\":\"Organization\",\"@id\":\"https:\/\/www.bulmor.com\/mkf-kompaktstapler\/fr\/#organization\",\"name\":\"MKF Kompaktstapler\",\"url\":\"https:\/\/www.bulmor.com\/mkf-kompaktstapler\/fr\/\",\"logo\":{\"@type\":\"ImageObject\",\"inLanguage\":\"fr-FR\",\"@id\":\"https:\/\/www.bulmor.com\/mkf-kompaktstapler\/fr\/#\/schema\/logo\/image\/\",\"url\":\"https:\/\/www.bulmor.com\/mkf-kompaktstapler\/wp-content\/uploads\/2023\/06\/logo_mkf_black.png\",\"contentUrl\":\"https:\/\/www.bulmor.com\/mkf-kompaktstapler\/wp-content\/uploads\/2023\/06\/logo_mkf_black.png\",\"width\":699,\"height\":491,\"caption\":\"MKF Kompaktstapler\"},\"image\":{\"@id\":\"https:\/\/www.bulmor.com\/mkf-kompaktstapler\/fr\/#\/schema\/logo\/image\/\"},\"sameAs\":[\"https:\/\/www.facebook.com\/bulmorseitenstapler\/\",\"https:\/\/www.linkedin.com\/company\/bulmor-industries-gmbh\/mycompany\/\",\"https:\/\/www.youtube.com\/channel\/UCefJ8LLmx7rUk3zc4NnGYAQ\"]}]}<\/script>\n<!-- \/ Yoast SEO plugin. -->","yoast_head_json":{"title":"Chariots compacts jusqu'\u00e0 80 tonnes de capacit\u00e9 - MKF Kompaktstapler","robots":{"index":"index","follow":"follow","max-snippet":"max-snippet:-1","max-image-preview":"max-image-preview:large","max-video-preview":"max-video-preview:-1"},"canonical":"https:\/\/www.bulmor.com\/mkf-kompaktstapler\/fr\/chariots-compacts-jusqua-80-tonnes-de-capacite\/","og_locale":"fr_FR","og_type":"article","og_title":"Chariots compacts jusqu'\u00e0 80 tonnes de capacit\u00e9 - MKF Kompaktstapler","og_description":"\u00a0Chariots compactsD\u00e9m\u00e9nagements de machines et d\u00e9m\u00e9nagements industriels Avec le bras de grue et le syst\u00e8me d'accouplement rapide, vous transformez votre chariot \u00e9l\u00e9vateur compact MKF \u00e0 une grue dans les plus brefs d\u00e9lais. Des capacit\u00e9s de charge allant jusqu'\u00e0 5 tonnes avec une hauteur de crochet d'environ 10 m\u00e8tres sont possibles.Pour le secteur industriel All\u00e9es \u00e9troites, [&hellip;]","og_url":"https:\/\/www.bulmor.com\/mkf-kompaktstapler\/fr\/chariots-compacts-jusqua-80-tonnes-de-capacite\/","og_site_name":"MKF Kompaktstapler","article_publisher":"https:\/\/www.facebook.com\/bulmorseitenstapler\/","article_modified_time":"2026-03-19T11:00:48+00:00","twitter_card":"summary_large_image","schema":{"@context":"https:\/\/schema.org","@graph":[{"@type":"WebPage","@id":"https:\/\/www.bulmor.com\/mkf-kompaktstapler\/fr\/chariots-compacts-jusqua-80-tonnes-de-capacite\/","url":"https:\/\/www.bulmor.com\/mkf-kompaktstapler\/fr\/chariots-compacts-jusqua-80-tonnes-de-capacite\/","name":"Chariots compacts jusqu'\u00e0 80 tonnes de capacit\u00e9 - MKF Kompaktstapler","isPartOf":{"@id":"https:\/\/www.bulmor.com\/mkf-kompaktstapler\/fr\/#website"},"datePublished":"2023-07-28T06:49:35+00:00","dateModified":"2026-03-19T11:00:48+00:00","breadcrumb":{"@id":"https:\/\/www.bulmor.com\/mkf-kompaktstapler\/fr\/chariots-compacts-jusqua-80-tonnes-de-capacite\/#breadcrumb"},"inLanguage":"fr-FR","potentialAction":[{"@type":"ReadAction","target":["https:\/\/www.bulmor.com\/mkf-kompaktstapler\/fr\/chariots-compacts-jusqua-80-tonnes-de-capacite\/"]}]},{"@type":"BreadcrumbList","@id":"https:\/\/www.bulmor.com\/mkf-kompaktstapler\/fr\/chariots-compacts-jusqua-80-tonnes-de-capacite\/#breadcrumb","itemListElement":[{"@type":"ListItem","position":1,"name":"Startseite","item":"https:\/\/www.bulmor.com\/mkf-kompaktstapler\/fr\/"},{"@type":"ListItem","position":2,"name":"Chariots compacts jusqu&#8217;\u00e0 80 tonnes de capacit\u00e9"}]},{"@type":"WebSite","@id":"https:\/\/www.bulmor.com\/mkf-kompaktstapler\/fr\/#website","url":"https:\/\/www.bulmor.com\/mkf-kompaktstapler\/fr\/","name":"MKF Kompaktstapler","description":"","publisher":{"@id":"https:\/\/www.bulmor.com\/mkf-kompaktstapler\/fr\/#organization"},"potentialAction":[{"@type":"SearchAction","target":{"@type":"EntryPoint","urlTemplate":"https:\/\/www.bulmor.com\/mkf-kompaktstapler\/fr\/?s={search_term_string}"},"query-input":{"@type":"PropertyValueSpecification","valueRequired":true,"valueName":"search_term_string"}}],"inLanguage":"fr-FR"},{"@type":"Organization","@id":"https:\/\/www.bulmor.com\/mkf-kompaktstapler\/fr\/#organization","name":"MKF Kompaktstapler","url":"https:\/\/www.bulmor.com\/mkf-kompaktstapler\/fr\/","logo":{"@type":"ImageObject","inLanguage":"fr-FR","@id":"https:\/\/www.bulmor.com\/mkf-kompaktstapler\/fr\/#\/schema\/logo\/image\/","url":"https:\/\/www.bulmor.com\/mkf-kompaktstapler\/wp-content\/uploads\/2023\/06\/logo_mkf_black.png","contentUrl":"https:\/\/www.bulmor.com\/mkf-kompaktstapler\/wp-content\/uploads\/2023\/06\/logo_mkf_black.png","width":699,"height":491,"caption":"MKF Kompaktstapler"},"image":{"@id":"https:\/\/www.bulmor.com\/mkf-kompaktstapler\/fr\/#\/schema\/logo\/image\/"},"sameAs":["https:\/\/www.facebook.com\/bulmorseitenstapler\/","https:\/\/www.linkedin.com\/company\/bulmor-industries-gmbh\/mycompany\/","https:\/\/www.youtube.com\/channel\/UCefJ8LLmx7rUk3zc4NnGYAQ"]}]}},"_links":{"self":[{"href":"https:\/\/www.bulmor.com\/mkf-kompaktstapler\/fr\/wp-json\/wp\/v2\/pages\/5083","targetHints":{"allow":["GET"]}}],"collection":[{"href":"https:\/\/www.bulmor.com\/mkf-kompaktstapler\/fr\/wp-json\/wp\/v2\/pages"}],"about":[{"href":"https:\/\/www.bulmor.com\/mkf-kompaktstapler\/fr\/wp-json\/wp\/v2\/types\/page"}],"author":[{"embeddable":true,"href":"https:\/\/www.bulmor.com\/mkf-kompaktstapler\/fr\/wp-json\/wp\/v2\/users\/5"}],"replies":[{"embeddable":true,"href":"https:\/\/www.bulmor.com\/mkf-kompaktstapler\/fr\/wp-json\/wp\/v2\/comments?post=5083"}],"version-history":[{"count":4,"href":"https:\/\/www.bulmor.com\/mkf-kompaktstapler\/fr\/wp-json\/wp\/v2\/pages\/5083\/revisions"}],"predecessor-version":[{"id":5399,"href":"https:\/\/www.bulmor.com\/mkf-kompaktstapler\/fr\/wp-json\/wp\/v2\/pages\/5083\/revisions\/5399"}],"wp:attachment":[{"href":"https:\/\/www.bulmor.com\/mkf-kompaktstapler\/fr\/wp-json\/wp\/v2\/media?parent=5083"}],"curies":[{"name":"wp","href":"https:\/\/api.w.org\/{rel}","templated":true}]}}