{"id":5080,"date":"2022-11-15T09:36:51","date_gmt":"2022-11-15T08:36:51","guid":{"rendered":"https:\/\/www.bulmor.com\/mkf-kompaktstapler\/?page_id=5080"},"modified":"2026-03-02T14:47:33","modified_gmt":"2026-03-02T13:47:33","slug":"administration","status":"publish","type":"page","link":"https:\/\/www.bulmor.com\/mkf-kompaktstapler\/fr\/administration\/","title":{"rendered":"Administration"},"content":{"rendered":"<p>[et_pb_section fb_built=\u00a0\u00bb1&Prime; _builder_version=\u00a0\u00bb4.21.0&Prime; _module_preset=\u00a0\u00bbdefault\u00a0\u00bb use_background_color_gradient=\u00a0\u00bbon\u00a0\u00bb background_color_gradient_stops=\u00a0\u00bbrgba(0,0,0,0.3) 0%|rgba(0,0,0,0.3) 100%\u00a0\u00bb background_color_gradient_overlays_image=\u00a0\u00bbon\u00a0\u00bb background_color_gradient_start=\u00a0\u00bbrgba(0,0,0,0.3)\u00a0\u00bb background_color_gradient_end=\u00a0\u00bbrgba(0,0,0,0.3)\u00a0\u00bb background_image=\u00a0\u00bbhttps:\/\/www.bulmor.com\/mkf-kompaktstapler\/wp-content\/uploads\/2023\/07\/impressum_header_v2.jpg\u00a0\u00bb global_colors_info=\u00a0\u00bb{}\u00a0\u00bb][et_pb_row _builder_version=\u00a0\u00bb4.16&Prime; _module_preset=\u00a0\u00bbdefault\u00a0\u00bb global_colors_info=\u00a0\u00bb{}\u00a0\u00bb][et_pb_column type=\u00a0\u00bb4_4&Prime; _builder_version=\u00a0\u00bb4.16&Prime; _module_preset=\u00a0\u00bbdefault\u00a0\u00bb global_colors_info=\u00a0\u00bb{}\u00a0\u00bb][et_pb_text _builder_version=\u00a0\u00bb4.16&Prime; _module_preset=\u00a0\u00bbdefault\u00a0\u00bb header_font=\u00a0\u00bb|800||on|||||\u00a0\u00bb header_text_align=\u00a0\u00bbleft\u00a0\u00bb custom_margin=\u00a0\u00bb300px||50px||false|false\u00a0\u00bb custom_margin_tablet=\u00a0\u00bb250px||40px||false|false\u00a0\u00bb custom_margin_phone=\u00a0\u00bb200px||30px||false|false\u00a0\u00bb custom_margin_last_edited=\u00a0\u00bbon|phone\u00a0\u00bb animation_style=\u00a0\u00bbfade\u00a0\u00bb animation_duration=\u00a0\u00bb700ms\u00a0\u00bb animation_delay=\u00a0\u00bb700ms\u00a0\u00bb global_colors_info=\u00a0\u00bb{}\u00a0\u00bb]<\/p>\n<h1 class=\"csc-firstHeader\">\u00a0Impressum<\/h1>\n<p>[\/et_pb_text][\/et_pb_column][\/et_pb_row][\/et_pb_section][et_pb_section fb_built=\u00a0\u00bb1&Prime; module_id=\u00a0\u00bbhome-more\u00a0\u00bb _builder_version=\u00a0\u00bb4.16&Prime; _module_preset=\u00a0\u00bbdefault\u00a0\u00bb custom_padding=\u00a0\u00bb100px||100px||false|false\u00a0\u00bb global_colors_info=\u00a0\u00bb{}\u00a0\u00bb][et_pb_row _builder_version=\u00a0\u00bb4.16&Prime; _module_preset=\u00a0\u00bbdefault\u00a0\u00bb custom_margin=\u00a0\u00bb0px||0px||false|false\u00a0\u00bb animation_style=\u00a0\u00bbfade\u00a0\u00bb global_colors_info=\u00a0\u00bb{}\u00a0\u00bb][et_pb_column type=\u00a0\u00bb4_4&Prime; _builder_version=\u00a0\u00bb4.16&Prime; _module_preset=\u00a0\u00bbdefault\u00a0\u00bb global_colors_info=\u00a0\u00bb{}\u00a0\u00bb][et_pb_text _builder_version=\u00a0\u00bb4.22.0&Prime; _module_preset=\u00a0\u00bbdefault\u00a0\u00bb global_colors_info=\u00a0\u00bb{}\u00a0\u00bb]<\/p>\n<h2>MKF &#8211; Groupe Bulmor<\/h2>\n<p>[\/et_pb_text][et_pb_text _builder_version=\u00a0\u00bb4.24.0&Prime; _module_preset=\u00a0\u00bbdefault\u00a0\u00bb header_3_text_align=\u00a0\u00bbcenter\u00a0\u00bb text_orientation=\u00a0\u00bbjustified\u00a0\u00bb animation_style=\u00a0\u00bbfade\u00a0\u00bb animation_delay=\u00a0\u00bb300ms\u00a0\u00bb hover_enabled=\u00a0\u00bb0&Prime; global_colors_info=\u00a0\u00bb{}\u00a0\u00bb sticky_enabled=\u00a0\u00bb0&Prime;]BULMOR Sonderfahrzeuge GmbH<br \/>\nAugust-Horch-Stra\u00dfe 43<br \/>\nD-56751 Polch<\/p>\n<p>Tel: +49 2654 881322<br \/>\nFax: +49 2654 882325<br \/>\nEmail: <a href=\"mailto:info-bsf@bulmor.com\">info-bsf@bulmor.com<\/a><\/p>\n<p>Si\u00e8ge Polch<br \/>\nTribunal de juridiction Koblenz HRB 29415<br \/>\nN\u00b0 de TVA intracommunautaire: DE 356859708<\/p>\n<p>Directeur g\u00e9n\u00e9ral: Wolfgang Waser[\/et_pb_text][et_pb_text _builder_version=\u00a0\u00bb4.16&Prime; _module_preset=\u00a0\u00bbdefault\u00a0\u00bb global_colors_info=\u00a0\u00bb{}\u00a0\u00bb][\/et_pb_text][\/et_pb_column][\/et_pb_row][\/et_pb_section][et_pb_section fb_built=\u00a0\u00bb1&Prime; module_id=\u00a0\u00bbhome-more\u00a0\u00bb _builder_version=\u00a0\u00bb4.16&Prime; _module_preset=\u00a0\u00bbdefault\u00a0\u00bb background_color=\u00a0\u00bbgcid-bbc0ff05-23f9-4bdc-a17c-b46da5737747&Prime; custom_padding=\u00a0\u00bb100px||100px||false|false\u00a0\u00bb global_colors_info=\u00a0\u00bb{%22gcid-bbc0ff05-23f9-4bdc-a17c-b46da5737747%22:%91%22background_color%22%93}\u00a0\u00bb][et_pb_row _builder_version=\u00a0\u00bb4.16&Prime; _module_preset=\u00a0\u00bbdefault\u00a0\u00bb custom_margin=\u00a0\u00bb0px||0px||false|false\u00a0\u00bb animation_style=\u00a0\u00bbfade\u00a0\u00bb global_colors_info=\u00a0\u00bb{}\u00a0\u00bb][et_pb_column type=\u00a0\u00bb4_4&Prime; _builder_version=\u00a0\u00bb4.16&Prime; _module_preset=\u00a0\u00bbdefault\u00a0\u00bb global_colors_info=\u00a0\u00bb{}\u00a0\u00bb][et_pb_text _builder_version=\u00a0\u00bb4.22.0&Prime; _module_preset=\u00a0\u00bbdefault\u00a0\u00bb header_3_text_align=\u00a0\u00bbleft\u00a0\u00bb text_orientation=\u00a0\u00bbjustified\u00a0\u00bb animation_style=\u00a0\u00bbfade\u00a0\u00bb animation_delay=\u00a0\u00bb300ms\u00a0\u00bb global_colors_info=\u00a0\u00bb{}\u00a0\u00bb]<\/p>\n<h3>Exclusion de responsabilit\u00e9 <\/h3>\n<p>Aucune responsabilit\u00e9 ni garantie ne peut \u00eatre prise sur l&rsquo;actualit\u00e9, l&rsquo;exactitude et le totalit\u00e9 des informations fournies.[\/et_pb_text][et_pb_text _builder_version=\u00a0\u00bb4.16&Prime; _module_preset=\u00a0\u00bbdefault\u00a0\u00bb global_colors_info=\u00a0\u00bb{}\u00a0\u00bb][\/et_pb_text][\/et_pb_column][\/et_pb_row][\/et_pb_section]<\/p>\n","protected":false},"excerpt":{"rendered":"<p>\u00a0ImpressumMKF &#8211; Groupe BulmorBULMOR Sonderfahrzeuge GmbH August-Horch-Stra\u00dfe 43 D-56751 Polch Tel: +49 2654 881322 Fax: +49 2654 882325 Email: info-bsf@bulmor.com Si\u00e8ge Polch Tribunal de juridiction Koblenz HRB 29415 N\u00b0 de TVA intracommunautaire: DE 356859708 Directeur g\u00e9n\u00e9ral: Wolfgang WaserExclusion de responsabilit\u00e9 Aucune responsabilit\u00e9 ni garantie ne peut \u00eatre prise sur l&rsquo;actualit\u00e9, l&rsquo;exactitude et le totalit\u00e9 des [&hellip;]<\/p>\n","protected":false},"author":5,"featured_media":0,"parent":0,"menu_order":0,"comment_status":"closed","ping_status":"closed","template":"","meta":{"_et_pb_use_builder":"on","_et_pb_old_content":"","_et_gb_content_width":"","inline_featured_image":false,"footnotes":""},"class_list":["post-5080","page","type-page","status-publish","hentry"],"yoast_head":"<!-- This site is optimized with the Yoast SEO plugin v24.2 - https:\/\/yoast.com\/wordpress\/plugins\/seo\/ -->\n<title>Administration - MKF Kompaktstapler<\/title>\n<meta name=\"robots\" content=\"index, follow, max-snippet:-1, max-image-preview:large, max-video-preview:-1\" \/>\n<link rel=\"canonical\" href=\"https:\/\/www.bulmor.com\/mkf-kompaktstapler\/fr\/administration\/\" \/>\n<meta property=\"og:locale\" content=\"fr_FR\" \/>\n<meta property=\"og:type\" content=\"article\" \/>\n<meta property=\"og:title\" content=\"Administration - MKF Kompaktstapler\" \/>\n<meta property=\"og:description\" content=\"\u00a0ImpressumMKF - Groupe BulmorBULMOR Sonderfahrzeuge GmbH August-Horch-Stra\u00dfe 43 D-56751 Polch Tel: +49 2654 881322 Fax: +49 2654 882325 Email: info-bsf@bulmor.com Si\u00e8ge Polch Tribunal de juridiction Koblenz HRB 29415 N\u00b0 de TVA intracommunautaire: DE 356859708 Directeur g\u00e9n\u00e9ral: Wolfgang WaserExclusion de responsabilit\u00e9 Aucune responsabilit\u00e9 ni garantie ne peut \u00eatre prise sur l&#039;actualit\u00e9, l&#039;exactitude et le totalit\u00e9 des [&hellip;]\" \/>\n<meta property=\"og:url\" content=\"https:\/\/www.bulmor.com\/mkf-kompaktstapler\/fr\/administration\/\" \/>\n<meta property=\"og:site_name\" content=\"MKF Kompaktstapler\" \/>\n<meta property=\"article:publisher\" content=\"https:\/\/www.facebook.com\/bulmorseitenstapler\/\" \/>\n<meta property=\"article:modified_time\" content=\"2026-03-02T13:47:33+00:00\" \/>\n<meta name=\"twitter:card\" content=\"summary_large_image\" \/>\n<script type=\"application\/ld+json\" class=\"yoast-schema-graph\">{\"@context\":\"https:\/\/schema.org\",\"@graph\":[{\"@type\":\"WebPage\",\"@id\":\"https:\/\/www.bulmor.com\/mkf-kompaktstapler\/fr\/administration\/\",\"url\":\"https:\/\/www.bulmor.com\/mkf-kompaktstapler\/fr\/administration\/\",\"name\":\"Administration - MKF Kompaktstapler\",\"isPartOf\":{\"@id\":\"https:\/\/www.bulmor.com\/mkf-kompaktstapler\/fr\/#website\"},\"datePublished\":\"2022-11-15T08:36:51+00:00\",\"dateModified\":\"2026-03-02T13:47:33+00:00\",\"breadcrumb\":{\"@id\":\"https:\/\/www.bulmor.com\/mkf-kompaktstapler\/fr\/administration\/#breadcrumb\"},\"inLanguage\":\"fr-FR\",\"potentialAction\":[{\"@type\":\"ReadAction\",\"target\":[\"https:\/\/www.bulmor.com\/mkf-kompaktstapler\/fr\/administration\/\"]}]},{\"@type\":\"BreadcrumbList\",\"@id\":\"https:\/\/www.bulmor.com\/mkf-kompaktstapler\/fr\/administration\/#breadcrumb\",\"itemListElement\":[{\"@type\":\"ListItem\",\"position\":1,\"name\":\"Startseite\",\"item\":\"https:\/\/www.bulmor.com\/mkf-kompaktstapler\/fr\/\"},{\"@type\":\"ListItem\",\"position\":2,\"name\":\"Administration\"}]},{\"@type\":\"WebSite\",\"@id\":\"https:\/\/www.bulmor.com\/mkf-kompaktstapler\/fr\/#website\",\"url\":\"https:\/\/www.bulmor.com\/mkf-kompaktstapler\/fr\/\",\"name\":\"MKF Kompaktstapler\",\"description\":\"\",\"publisher\":{\"@id\":\"https:\/\/www.bulmor.com\/mkf-kompaktstapler\/fr\/#organization\"},\"potentialAction\":[{\"@type\":\"SearchAction\",\"target\":{\"@type\":\"EntryPoint\",\"urlTemplate\":\"https:\/\/www.bulmor.com\/mkf-kompaktstapler\/fr\/?s={search_term_string}\"},\"query-input\":{\"@type\":\"PropertyValueSpecification\",\"valueRequired\":true,\"valueName\":\"search_term_string\"}}],\"inLanguage\":\"fr-FR\"},{\"@type\":\"Organization\",\"@id\":\"https:\/\/www.bulmor.com\/mkf-kompaktstapler\/fr\/#organization\",\"name\":\"MKF Kompaktstapler\",\"url\":\"https:\/\/www.bulmor.com\/mkf-kompaktstapler\/fr\/\",\"logo\":{\"@type\":\"ImageObject\",\"inLanguage\":\"fr-FR\",\"@id\":\"https:\/\/www.bulmor.com\/mkf-kompaktstapler\/fr\/#\/schema\/logo\/image\/\",\"url\":\"https:\/\/www.bulmor.com\/mkf-kompaktstapler\/wp-content\/uploads\/2023\/06\/logo_mkf_black.png\",\"contentUrl\":\"https:\/\/www.bulmor.com\/mkf-kompaktstapler\/wp-content\/uploads\/2023\/06\/logo_mkf_black.png\",\"width\":699,\"height\":491,\"caption\":\"MKF Kompaktstapler\"},\"image\":{\"@id\":\"https:\/\/www.bulmor.com\/mkf-kompaktstapler\/fr\/#\/schema\/logo\/image\/\"},\"sameAs\":[\"https:\/\/www.facebook.com\/bulmorseitenstapler\/\",\"https:\/\/www.linkedin.com\/company\/bulmor-industries-gmbh\/mycompany\/\",\"https:\/\/www.youtube.com\/channel\/UCefJ8LLmx7rUk3zc4NnGYAQ\"]}]}<\/script>\n<!-- \/ Yoast SEO plugin. -->","yoast_head_json":{"title":"Administration - MKF Kompaktstapler","robots":{"index":"index","follow":"follow","max-snippet":"max-snippet:-1","max-image-preview":"max-image-preview:large","max-video-preview":"max-video-preview:-1"},"canonical":"https:\/\/www.bulmor.com\/mkf-kompaktstapler\/fr\/administration\/","og_locale":"fr_FR","og_type":"article","og_title":"Administration - MKF Kompaktstapler","og_description":"\u00a0ImpressumMKF - Groupe BulmorBULMOR Sonderfahrzeuge GmbH August-Horch-Stra\u00dfe 43 D-56751 Polch Tel: +49 2654 881322 Fax: +49 2654 882325 Email: info-bsf@bulmor.com Si\u00e8ge Polch Tribunal de juridiction Koblenz HRB 29415 N\u00b0 de TVA intracommunautaire: DE 356859708 Directeur g\u00e9n\u00e9ral: Wolfgang WaserExclusion de responsabilit\u00e9 Aucune responsabilit\u00e9 ni garantie ne peut \u00eatre prise sur l'actualit\u00e9, l'exactitude et le totalit\u00e9 des [&hellip;]","og_url":"https:\/\/www.bulmor.com\/mkf-kompaktstapler\/fr\/administration\/","og_site_name":"MKF Kompaktstapler","article_publisher":"https:\/\/www.facebook.com\/bulmorseitenstapler\/","article_modified_time":"2026-03-02T13:47:33+00:00","twitter_card":"summary_large_image","schema":{"@context":"https:\/\/schema.org","@graph":[{"@type":"WebPage","@id":"https:\/\/www.bulmor.com\/mkf-kompaktstapler\/fr\/administration\/","url":"https:\/\/www.bulmor.com\/mkf-kompaktstapler\/fr\/administration\/","name":"Administration - MKF Kompaktstapler","isPartOf":{"@id":"https:\/\/www.bulmor.com\/mkf-kompaktstapler\/fr\/#website"},"datePublished":"2022-11-15T08:36:51+00:00","dateModified":"2026-03-02T13:47:33+00:00","breadcrumb":{"@id":"https:\/\/www.bulmor.com\/mkf-kompaktstapler\/fr\/administration\/#breadcrumb"},"inLanguage":"fr-FR","potentialAction":[{"@type":"ReadAction","target":["https:\/\/www.bulmor.com\/mkf-kompaktstapler\/fr\/administration\/"]}]},{"@type":"BreadcrumbList","@id":"https:\/\/www.bulmor.com\/mkf-kompaktstapler\/fr\/administration\/#breadcrumb","itemListElement":[{"@type":"ListItem","position":1,"name":"Startseite","item":"https:\/\/www.bulmor.com\/mkf-kompaktstapler\/fr\/"},{"@type":"ListItem","position":2,"name":"Administration"}]},{"@type":"WebSite","@id":"https:\/\/www.bulmor.com\/mkf-kompaktstapler\/fr\/#website","url":"https:\/\/www.bulmor.com\/mkf-kompaktstapler\/fr\/","name":"MKF Kompaktstapler","description":"","publisher":{"@id":"https:\/\/www.bulmor.com\/mkf-kompaktstapler\/fr\/#organization"},"potentialAction":[{"@type":"SearchAction","target":{"@type":"EntryPoint","urlTemplate":"https:\/\/www.bulmor.com\/mkf-kompaktstapler\/fr\/?s={search_term_string}"},"query-input":{"@type":"PropertyValueSpecification","valueRequired":true,"valueName":"search_term_string"}}],"inLanguage":"fr-FR"},{"@type":"Organization","@id":"https:\/\/www.bulmor.com\/mkf-kompaktstapler\/fr\/#organization","name":"MKF Kompaktstapler","url":"https:\/\/www.bulmor.com\/mkf-kompaktstapler\/fr\/","logo":{"@type":"ImageObject","inLanguage":"fr-FR","@id":"https:\/\/www.bulmor.com\/mkf-kompaktstapler\/fr\/#\/schema\/logo\/image\/","url":"https:\/\/www.bulmor.com\/mkf-kompaktstapler\/wp-content\/uploads\/2023\/06\/logo_mkf_black.png","contentUrl":"https:\/\/www.bulmor.com\/mkf-kompaktstapler\/wp-content\/uploads\/2023\/06\/logo_mkf_black.png","width":699,"height":491,"caption":"MKF Kompaktstapler"},"image":{"@id":"https:\/\/www.bulmor.com\/mkf-kompaktstapler\/fr\/#\/schema\/logo\/image\/"},"sameAs":["https:\/\/www.facebook.com\/bulmorseitenstapler\/","https:\/\/www.linkedin.com\/company\/bulmor-industries-gmbh\/mycompany\/","https:\/\/www.youtube.com\/channel\/UCefJ8LLmx7rUk3zc4NnGYAQ"]}]}},"_links":{"self":[{"href":"https:\/\/www.bulmor.com\/mkf-kompaktstapler\/fr\/wp-json\/wp\/v2\/pages\/5080","targetHints":{"allow":["GET"]}}],"collection":[{"href":"https:\/\/www.bulmor.com\/mkf-kompaktstapler\/fr\/wp-json\/wp\/v2\/pages"}],"about":[{"href":"https:\/\/www.bulmor.com\/mkf-kompaktstapler\/fr\/wp-json\/wp\/v2\/types\/page"}],"author":[{"embeddable":true,"href":"https:\/\/www.bulmor.com\/mkf-kompaktstapler\/fr\/wp-json\/wp\/v2\/users\/5"}],"replies":[{"embeddable":true,"href":"https:\/\/www.bulmor.com\/mkf-kompaktstapler\/fr\/wp-json\/wp\/v2\/comments?post=5080"}],"version-history":[{"count":6,"href":"https:\/\/www.bulmor.com\/mkf-kompaktstapler\/fr\/wp-json\/wp\/v2\/pages\/5080\/revisions"}],"predecessor-version":[{"id":5367,"href":"https:\/\/www.bulmor.com\/mkf-kompaktstapler\/fr\/wp-json\/wp\/v2\/pages\/5080\/revisions\/5367"}],"wp:attachment":[{"href":"https:\/\/www.bulmor.com\/mkf-kompaktstapler\/fr\/wp-json\/wp\/v2\/media?parent=5080"}],"curies":[{"name":"wp","href":"https:\/\/api.w.org\/{rel}","templated":true}]}}