{"id":2254,"date":"2022-11-15T09:43:15","date_gmt":"2022-11-15T08:43:15","guid":{"rendered":"https:\/\/www.bulmor.com\/?page_id=2254"},"modified":"2025-08-21T14:11:59","modified_gmt":"2025-08-21T12:11:59","slug":"cg-de-vente-et-de-livraison","status":"publish","type":"page","link":"https:\/\/www.bulmor.com\/fr\/cg-de-vente-et-de-livraison\/","title":{"rendered":"CG de Vente et de Livraison"},"content":{"rendered":"<p>[et_pb_section fb_built=\u00a0\u00bb1&Prime; _builder_version=\u00a0\u00bb4.16&Prime; _module_preset=\u00a0\u00bbdefault\u00a0\u00bb use_background_color_gradient=\u00a0\u00bbon\u00a0\u00bb background_color_gradient_stops=\u00a0\u00bbrgba(0,0,0,0.2) 0%|rgba(0,0,0,0.1) 100%\u00a0\u00bb background_color_gradient_overlays_image=\u00a0\u00bbon\u00a0\u00bb background_color_gradient_start=\u00a0\u00bbrgba(0,0,0,0.2)\u00a0\u00bb background_color_gradient_end=\u00a0\u00bbrgba(0,0,0,0.1)\u00a0\u00bb background_image=\u00a0\u00bbhttps:\/\/www.bulmor.com\/wp-content\/uploads\/2022\/09\/Jobs_Karriere_bulmor_perg-2000-600.jpg\u00a0\u00bb global_colors_info=\u00a0\u00bb{}\u00a0\u00bb][et_pb_row _builder_version=\u00a0\u00bb4.16&Prime; _module_preset=\u00a0\u00bbdefault\u00a0\u00bb global_colors_info=\u00a0\u00bb{}\u00a0\u00bb][et_pb_column type=\u00a0\u00bb4_4&Prime; _builder_version=\u00a0\u00bb4.16&Prime; _module_preset=\u00a0\u00bbdefault\u00a0\u00bb global_colors_info=\u00a0\u00bb{}\u00a0\u00bb][et_pb_text _builder_version=\u00a0\u00bb4.20.0&Prime; _module_preset=\u00a0\u00bbdefault\u00a0\u00bb header_font=\u00a0\u00bb||on|on|||||\u00a0\u00bb header_text_align=\u00a0\u00bbleft\u00a0\u00bb header_font_size=\u00a0\u00bb60px\u00a0\u00bb custom_margin=\u00a0\u00bb300px||50px||false|false\u00a0\u00bb custom_margin_tablet=\u00a0\u00bb250px||40px||false|false\u00a0\u00bb custom_margin_phone=\u00a0\u00bb200px||30px||false|false\u00a0\u00bb custom_margin_last_edited=\u00a0\u00bbon|phone\u00a0\u00bb animation_style=\u00a0\u00bbfade\u00a0\u00bb animation_duration=\u00a0\u00bb700ms\u00a0\u00bb animation_delay=\u00a0\u00bb700ms\u00a0\u00bb global_colors_info=\u00a0\u00bb{}\u00a0\u00bb]<\/p>\n<h1 class=\"csc-firstHeader\">CG de Vente et de Livraison<br \/>\n<\/h1>\n<p>[\/et_pb_text][\/et_pb_column][\/et_pb_row][\/et_pb_section][et_pb_section fb_built=\u00a0\u00bb1&Prime; module_id=\u00a0\u00bbhome-more\u00a0\u00bb _builder_version=\u00a0\u00bb4.16&Prime; _module_preset=\u00a0\u00bbdefault\u00a0\u00bb custom_padding=\u00a0\u00bb100px||100px||false|false\u00a0\u00bb global_colors_info=\u00a0\u00bb{}\u00a0\u00bb][et_pb_row _builder_version=\u00a0\u00bb4.16&Prime; _module_preset=\u00a0\u00bbdefault\u00a0\u00bb custom_margin=\u00a0\u00bb0px||0px||false|false\u00a0\u00bb animation_style=\u00a0\u00bbfade\u00a0\u00bb global_colors_info=\u00a0\u00bb{}\u00a0\u00bb][et_pb_column type=\u00a0\u00bb4_4&Prime; _builder_version=\u00a0\u00bb4.16&Prime; _module_preset=\u00a0\u00bbdefault\u00a0\u00bb global_colors_info=\u00a0\u00bb{}\u00a0\u00bb][et_pb_text _builder_version=\u00a0\u00bb4.20.2&Prime; _module_preset=\u00a0\u00bbdefault\u00a0\u00bb global_colors_info=\u00a0\u00bb{}\u00a0\u00bb]<\/p>\n<h2>CG de vente et de livraison<\/h2>\n<p>[\/et_pb_text][et_pb_text _builder_version=\u00a0\u00bb4.20.2&Prime; _module_preset=\u00a0\u00bbdefault\u00a0\u00bb header_3_text_align=\u00a0\u00bbcenter\u00a0\u00bb text_orientation=\u00a0\u00bbjustified\u00a0\u00bb global_colors_info=\u00a0\u00bb{}\u00a0\u00bb]<\/p>\n<p dir=\"LTR\">Ici, vous pouvez facilement t\u00e9l\u00e9charger nos conditions g\u00e9n\u00e9rales.<br \/>Pour une meilleure vue d&rsquo;ensemble, nous les avons r\u00e9partis dans les sous-domaines suivants\u00a0:<\/p>\n<p>[\/et_pb_text][et_pb_button button_url=\u00a0\u00bbhttps:\/\/www.bulmor.com\/wp-content\/uploads\/2025-07-14_General-Terms-and-Conditions.pdf\u00a0\u00bb url_new_window=\u00a0\u00bbon\u00a0\u00bb button_text=\u00a0\u00bbDownload CG de vente et de livraison\u00a0\u00bb _builder_version=\u00a0\u00bb4.24.1&Prime; _module_preset=\u00a0\u00bbdefault\u00a0\u00bb hover_enabled=\u00a0\u00bb0&Prime; global_colors_info=\u00a0\u00bb{}\u00a0\u00bb sticky_enabled=\u00a0\u00bb0&Prime;][\/et_pb_button][et_pb_button button_url=\u00a0\u00bbhttps:\/\/www.bulmor.com\/wp-content\/uploads\/2022\/11\/bulmorindustries_allgemeineeinkaufsbedingungen.pdf\u00a0\u00bb url_new_window=\u00a0\u00bbon\u00a0\u00bb button_text=\u00a0\u00bbT\u00e9l\u00e9charger les conditions g\u00e9n\u00e9rales d&rsquo;achat\u00a0\u00bb _builder_version=\u00a0\u00bb4.20.2&Prime; _module_preset=\u00a0\u00bbdefault\u00a0\u00bb global_colors_info=\u00a0\u00bb{}\u00a0\u00bb][\/et_pb_button][et_pb_text _builder_version=\u00a0\u00bb4.20.2&Prime; _module_preset=\u00a0\u00bbdefault\u00a0\u00bb global_colors_info=\u00a0\u00bb{}\u00a0\u00bb]<\/p>\n<p>Si vous avez des questions, vous pouvez bien s\u00fbr nous contacter en utilisant les coordonn\u00e9es connues.<\/p>\n<p>[\/et_pb_text][et_pb_text _builder_version=\u00a0\u00bb4.16&Prime; _module_preset=\u00a0\u00bbdefault\u00a0\u00bb global_colors_info=\u00a0\u00bb{}\u00a0\u00bb][\/et_pb_text][\/et_pb_column][\/et_pb_row][\/et_pb_section]<\/p>\n","protected":false},"excerpt":{"rendered":"<p>CG de Vente et de Livraison CG de vente et de livraisonIci, vous pouvez facilement t\u00e9l\u00e9charger nos conditions g\u00e9n\u00e9rales.Pour une meilleure vue d&rsquo;ensemble, nous les avons r\u00e9partis dans les sous-domaines suivants\u00a0:Si vous avez des questions, vous pouvez bien s\u00fbr nous contacter en utilisant les coordonn\u00e9es connues.<\/p>\n","protected":false},"author":5,"featured_media":0,"parent":0,"menu_order":0,"comment_status":"closed","ping_status":"closed","template":"","meta":{"_acf_changed":false,"_et_pb_use_builder":"on","_et_pb_old_content":"","_et_gb_content_width":"","inline_featured_image":false,"footnotes":""},"class_list":["post-2254","page","type-page","status-publish","hentry"],"acf":[],"yoast_head":"<!-- This site is optimized with the Yoast SEO plugin v27.3 - https:\/\/yoast.com\/product\/yoast-seo-wordpress\/ -->\n<title>CG de Vente et de Livraison - Bulmor industries GmbH<\/title>\n<meta name=\"robots\" content=\"index, follow, max-snippet:-1, max-image-preview:large, max-video-preview:-1\" \/>\n<link rel=\"canonical\" href=\"https:\/\/www.bulmor.com\/fr\/cg-de-vente-et-de-livraison\/\" \/>\n<meta property=\"og:locale\" content=\"fr_FR\" \/>\n<meta property=\"og:type\" content=\"article\" \/>\n<meta property=\"og:title\" content=\"CG de Vente et de Livraison - Bulmor industries GmbH\" \/>\n<meta property=\"og:description\" content=\"CG de Vente et de Livraison CG de vente et de livraisonIci, vous pouvez facilement t\u00e9l\u00e9charger nos conditions g\u00e9n\u00e9rales.Pour une meilleure vue d&#039;ensemble, nous les avons r\u00e9partis dans les sous-domaines suivants\u00a0:Si vous avez des questions, vous pouvez bien s\u00fbr nous contacter en utilisant les coordonn\u00e9es connues.\" \/>\n<meta property=\"og:url\" content=\"https:\/\/www.bulmor.com\/fr\/cg-de-vente-et-de-livraison\/\" \/>\n<meta property=\"og:site_name\" content=\"Bulmor industries GmbH\" \/>\n<meta property=\"article:publisher\" content=\"https:\/\/www.facebook.com\/bulmorseitenstapler\/\" \/>\n<meta property=\"article:modified_time\" content=\"2025-08-21T12:11:59+00:00\" \/>\n<meta name=\"twitter:card\" content=\"summary_large_image\" \/>\n<meta name=\"twitter:label1\" content=\"Dur\u00e9e de lecture estim\u00e9e\" \/>\n\t<meta name=\"twitter:data1\" content=\"1 minute\" \/>\n<script type=\"application\/ld+json\" class=\"yoast-schema-graph\">{\"@context\":\"https:\\\/\\\/schema.org\",\"@graph\":[{\"@type\":\"WebPage\",\"@id\":\"https:\\\/\\\/www.bulmor.com\\\/fr\\\/cg-de-vente-et-de-livraison\\\/\",\"url\":\"https:\\\/\\\/www.bulmor.com\\\/fr\\\/cg-de-vente-et-de-livraison\\\/\",\"name\":\"CG de Vente et de Livraison - Bulmor industries GmbH\",\"isPartOf\":{\"@id\":\"https:\\\/\\\/www.bulmor.com\\\/fr\\\/#website\"},\"datePublished\":\"2022-11-15T08:43:15+00:00\",\"dateModified\":\"2025-08-21T12:11:59+00:00\",\"breadcrumb\":{\"@id\":\"https:\\\/\\\/www.bulmor.com\\\/fr\\\/cg-de-vente-et-de-livraison\\\/#breadcrumb\"},\"inLanguage\":\"fr-FR\",\"potentialAction\":[{\"@type\":\"ReadAction\",\"target\":[\"https:\\\/\\\/www.bulmor.com\\\/fr\\\/cg-de-vente-et-de-livraison\\\/\"]}]},{\"@type\":\"BreadcrumbList\",\"@id\":\"https:\\\/\\\/www.bulmor.com\\\/fr\\\/cg-de-vente-et-de-livraison\\\/#breadcrumb\",\"itemListElement\":[{\"@type\":\"ListItem\",\"position\":1,\"name\":\"Startseite\",\"item\":\"https:\\\/\\\/www.bulmor.com\\\/fr\\\/\"},{\"@type\":\"ListItem\",\"position\":2,\"name\":\"CG de Vente et de Livraison\"}]},{\"@type\":\"WebSite\",\"@id\":\"https:\\\/\\\/www.bulmor.com\\\/fr\\\/#website\",\"url\":\"https:\\\/\\\/www.bulmor.com\\\/fr\\\/\",\"name\":\"Bulmor industries GmbH\",\"description\":\"\",\"publisher\":{\"@id\":\"https:\\\/\\\/www.bulmor.com\\\/fr\\\/#organization\"},\"potentialAction\":[{\"@type\":\"SearchAction\",\"target\":{\"@type\":\"EntryPoint\",\"urlTemplate\":\"https:\\\/\\\/www.bulmor.com\\\/fr\\\/?s={search_term_string}\"},\"query-input\":{\"@type\":\"PropertyValueSpecification\",\"valueRequired\":true,\"valueName\":\"search_term_string\"}}],\"inLanguage\":\"fr-FR\"},{\"@type\":\"Organization\",\"@id\":\"https:\\\/\\\/www.bulmor.com\\\/fr\\\/#organization\",\"name\":\"Bulmor industries GmbH\",\"url\":\"https:\\\/\\\/www.bulmor.com\\\/fr\\\/\",\"logo\":{\"@type\":\"ImageObject\",\"inLanguage\":\"fr-FR\",\"@id\":\"https:\\\/\\\/www.bulmor.com\\\/fr\\\/#\\\/schema\\\/logo\\\/image\\\/\",\"url\":\"https:\\\/\\\/www.bulmor.com\\\/wp-content\\\/uploads\\\/2023\\\/02\\\/logo.png\",\"contentUrl\":\"https:\\\/\\\/www.bulmor.com\\\/wp-content\\\/uploads\\\/2023\\\/02\\\/logo.png\",\"width\":416,\"height\":98,\"caption\":\"Bulmor industries GmbH\"},\"image\":{\"@id\":\"https:\\\/\\\/www.bulmor.com\\\/fr\\\/#\\\/schema\\\/logo\\\/image\\\/\"},\"sameAs\":[\"https:\\\/\\\/www.facebook.com\\\/bulmorseitenstapler\\\/\",\"https:\\\/\\\/www.linkedin.com\\\/company\\\/bulmor-industries-gmbh\\\/mycompany\\\/\",\"https:\\\/\\\/www.youtube.com\\\/channel\\\/UCefJ8LLmx7rUk3zc4NnGYAQ\"]}]}<\/script>\n<!-- \/ Yoast SEO plugin. -->","yoast_head_json":{"title":"CG de Vente et de Livraison - Bulmor industries GmbH","robots":{"index":"index","follow":"follow","max-snippet":"max-snippet:-1","max-image-preview":"max-image-preview:large","max-video-preview":"max-video-preview:-1"},"canonical":"https:\/\/www.bulmor.com\/fr\/cg-de-vente-et-de-livraison\/","og_locale":"fr_FR","og_type":"article","og_title":"CG de Vente et de Livraison - Bulmor industries GmbH","og_description":"CG de Vente et de Livraison CG de vente et de livraisonIci, vous pouvez facilement t\u00e9l\u00e9charger nos conditions g\u00e9n\u00e9rales.Pour une meilleure vue d'ensemble, nous les avons r\u00e9partis dans les sous-domaines suivants\u00a0:Si vous avez des questions, vous pouvez bien s\u00fbr nous contacter en utilisant les coordonn\u00e9es connues.","og_url":"https:\/\/www.bulmor.com\/fr\/cg-de-vente-et-de-livraison\/","og_site_name":"Bulmor industries GmbH","article_publisher":"https:\/\/www.facebook.com\/bulmorseitenstapler\/","article_modified_time":"2025-08-21T12:11:59+00:00","twitter_card":"summary_large_image","twitter_misc":{"Dur\u00e9e de lecture estim\u00e9e":"1 minute"},"schema":{"@context":"https:\/\/schema.org","@graph":[{"@type":"WebPage","@id":"https:\/\/www.bulmor.com\/fr\/cg-de-vente-et-de-livraison\/","url":"https:\/\/www.bulmor.com\/fr\/cg-de-vente-et-de-livraison\/","name":"CG de Vente et de Livraison - Bulmor industries GmbH","isPartOf":{"@id":"https:\/\/www.bulmor.com\/fr\/#website"},"datePublished":"2022-11-15T08:43:15+00:00","dateModified":"2025-08-21T12:11:59+00:00","breadcrumb":{"@id":"https:\/\/www.bulmor.com\/fr\/cg-de-vente-et-de-livraison\/#breadcrumb"},"inLanguage":"fr-FR","potentialAction":[{"@type":"ReadAction","target":["https:\/\/www.bulmor.com\/fr\/cg-de-vente-et-de-livraison\/"]}]},{"@type":"BreadcrumbList","@id":"https:\/\/www.bulmor.com\/fr\/cg-de-vente-et-de-livraison\/#breadcrumb","itemListElement":[{"@type":"ListItem","position":1,"name":"Startseite","item":"https:\/\/www.bulmor.com\/fr\/"},{"@type":"ListItem","position":2,"name":"CG de Vente et de Livraison"}]},{"@type":"WebSite","@id":"https:\/\/www.bulmor.com\/fr\/#website","url":"https:\/\/www.bulmor.com\/fr\/","name":"Bulmor industries GmbH","description":"","publisher":{"@id":"https:\/\/www.bulmor.com\/fr\/#organization"},"potentialAction":[{"@type":"SearchAction","target":{"@type":"EntryPoint","urlTemplate":"https:\/\/www.bulmor.com\/fr\/?s={search_term_string}"},"query-input":{"@type":"PropertyValueSpecification","valueRequired":true,"valueName":"search_term_string"}}],"inLanguage":"fr-FR"},{"@type":"Organization","@id":"https:\/\/www.bulmor.com\/fr\/#organization","name":"Bulmor industries GmbH","url":"https:\/\/www.bulmor.com\/fr\/","logo":{"@type":"ImageObject","inLanguage":"fr-FR","@id":"https:\/\/www.bulmor.com\/fr\/#\/schema\/logo\/image\/","url":"https:\/\/www.bulmor.com\/wp-content\/uploads\/2023\/02\/logo.png","contentUrl":"https:\/\/www.bulmor.com\/wp-content\/uploads\/2023\/02\/logo.png","width":416,"height":98,"caption":"Bulmor industries GmbH"},"image":{"@id":"https:\/\/www.bulmor.com\/fr\/#\/schema\/logo\/image\/"},"sameAs":["https:\/\/www.facebook.com\/bulmorseitenstapler\/","https:\/\/www.linkedin.com\/company\/bulmor-industries-gmbh\/mycompany\/","https:\/\/www.youtube.com\/channel\/UCefJ8LLmx7rUk3zc4NnGYAQ"]}]}},"_links":{"self":[{"href":"https:\/\/www.bulmor.com\/fr\/wp-json\/wp\/v2\/pages\/2254","targetHints":{"allow":["GET"]}}],"collection":[{"href":"https:\/\/www.bulmor.com\/fr\/wp-json\/wp\/v2\/pages"}],"about":[{"href":"https:\/\/www.bulmor.com\/fr\/wp-json\/wp\/v2\/types\/page"}],"author":[{"embeddable":true,"href":"https:\/\/www.bulmor.com\/fr\/wp-json\/wp\/v2\/users\/5"}],"replies":[{"embeddable":true,"href":"https:\/\/www.bulmor.com\/fr\/wp-json\/wp\/v2\/comments?post=2254"}],"version-history":[{"count":9,"href":"https:\/\/www.bulmor.com\/fr\/wp-json\/wp\/v2\/pages\/2254\/revisions"}],"predecessor-version":[{"id":7638,"href":"https:\/\/www.bulmor.com\/fr\/wp-json\/wp\/v2\/pages\/2254\/revisions\/7638"}],"wp:attachment":[{"href":"https:\/\/www.bulmor.com\/fr\/wp-json\/wp\/v2\/media?parent=2254"}],"curies":[{"name":"wp","href":"https:\/\/api.w.org\/{rel}","templated":true}]}}